{"id":335,"date":"2023-03-28T11:22:30","date_gmt":"2023-03-28T15:22:30","guid":{"rendered":"http:\/\/portalejurr.tjrr.jus.br\/?page_id=335"},"modified":"2024-02-21T14:03:55","modified_gmt":"2024-02-21T18:03:55","slug":"artigos","status":"publish","type":"page","link":"https:\/\/ejurr.tjrr.jus.br\/?page_id=335","title":{"rendered":"Artigos"},"content":{"rendered":"\t\t<div data-elementor-type=\"wp-page\" data-elementor-id=\"335\" class=\"elementor elementor-335\" data-elementor-post-type=\"page\">\n\t\t\t\t<div class=\"elementor-element elementor-element-af741ed e-flex e-con-boxed e-con e-parent\" data-id=\"af741ed\" data-element_type=\"container\" data-e-type=\"container\">\n\t\t\t\t\t<div class=\"e-con-inner\">\n\t\t\t\t<div class=\"elementor-element elementor-element-75e0c70 elementor-widget elementor-widget-heading\" data-id=\"75e0c70\" data-element_type=\"widget\" data-e-type=\"widget\" data-widget_type=\"heading.default\">\n\t\t\t\t<div class=\"elementor-widget-container\">\n\t\t\t\t\t<h2 class=\"elementor-heading-title elementor-size-default\">Artigos<\/h2>\t\t\t\t<\/div>\n\t\t\t\t<\/div>\n\t\t\t\t<div class=\"elementor-element elementor-element-5b05ae7 elementor-widget elementor-widget-text-editor\" data-id=\"5b05ae7\" data-element_type=\"widget\" data-e-type=\"widget\" data-widget_type=\"text-editor.default\">\n\t\t\t\t<div class=\"elementor-widget-container\">\n\t\t\t\t\t\t\t\t\t<div style=\"text-align: justify;\">A EJURR tem dentre seus deveres a difus\u00e3o do saber jur\u00eddico e das ci\u00eancias de elevado valor social e moral.&nbsp;<span style=\"color: var( --e-global-color-text ); font-family: var( --e-global-typography-text-font-family ), Sans-serif; font-size: var( --e-global-typography-text-font-size ); font-weight: var( --e-global-typography-text-font-weight );\">Caso possua algum artigo que gostaria ver publicado em nosso sitio, por favor, envie seu trabalho para uma avalia\u00e7\u00e3o por nossa equipe editorial.<\/span><span style=\"text-align: var(--text-align); color: var( --e-global-color-text ); font-family: var( --e-global-typography-text-font-family ), Sans-serif; font-size: var( --e-global-typography-text-font-size ); font-weight: var( --e-global-typography-text-font-weight );\">&nbsp;<\/span><span style=\"color: var( --e-global-color-text ); font-family: var( --e-global-typography-text-font-family ), Sans-serif; font-size: var( --e-global-typography-text-font-size ); font-weight: var( --e-global-typography-text-font-weight );\">O artigo deve conter, no m\u00e1ximo, 5 laudas, espa\u00e7amento 1 1\/2 , fonte Times New Roman, breve sum\u00e1rio e refer\u00eancias bibliogr\u00e1ficas.<\/span><span style=\"text-align: var(--text-align); color: var( --e-global-color-text ); font-family: var( --e-global-typography-text-font-family ), Sans-serif; font-size: var( --e-global-typography-text-font-size ); font-weight: var( --e-global-typography-text-font-weight );\">&nbsp;<\/span><span style=\"color: var( --e-global-color-text ); font-family: var( --e-global-typography-text-font-family ), Sans-serif; font-size: var( --e-global-typography-text-font-size ); font-weight: var( --e-global-typography-text-font-weight );\">Os trabalhos aprovados ser\u00e3o publicados no portal da EJURR, ap\u00f3s assinatura de declara\u00e7\u00e3o do autor garantindo a autoria do trabalho, protegendo-se os direitos autorais.<\/span><\/div>\t\t\t\t\t\t\t\t<\/div>\n\t\t\t\t<\/div>\n\t\t\t\t<div class=\"elementor-element elementor-element-3384b49 elementor-widget elementor-widget-spacer\" data-id=\"3384b49\" data-element_type=\"widget\" data-e-type=\"widget\" data-widget_type=\"spacer.default\">\n\t\t\t\t<div class=\"elementor-widget-container\">\n\t\t\t\t\t\t\t<div class=\"elementor-spacer\">\n\t\t\t<div class=\"elementor-spacer-inner\"><\/div>\n\t\t<\/div>\n\t\t\t\t\t\t<\/div>\n\t\t\t\t<\/div>\n\t\t\t\t\t<\/div>\n\t\t\t\t<\/div>\n\t\t<div class=\"elementor-element elementor-element-3f46f93 e-flex e-con-boxed e-con e-parent\" data-id=\"3f46f93\" data-element_type=\"container\" data-e-type=\"container\">\n\t\t\t\t\t<div class=\"e-con-inner\">\n\t\t\t\t<div class=\"elementor-element elementor-element-a18f89b elementor-widget elementor-widget-toggle\" data-id=\"a18f89b\" data-element_type=\"widget\" data-e-type=\"widget\" data-widget_type=\"toggle.default\">\n\t\t\t\t<div class=\"elementor-widget-container\">\n\t\t\t\t\t\t\t<div class=\"elementor-toggle\">\n\t\t\t\t\t\t\t<div class=\"elementor-toggle-item\">\n\t\t\t\t\t<div id=\"elementor-tab-title-1691\" class=\"elementor-tab-title\" data-tab=\"1\" role=\"button\" aria-controls=\"elementor-tab-content-1691\" aria-expanded=\"false\">\n\t\t\t\t\t\t\t\t\t\t\t\t<span class=\"elementor-toggle-icon elementor-toggle-icon-left\" aria-hidden=\"true\">\n\t\t\t\t\t\t\t\t\t\t\t\t\t\t\t<span class=\"elementor-toggle-icon-closed\"><i class=\"fas fa-caret-right\"><\/i><\/span>\n\t\t\t\t\t\t\t\t<span class=\"elementor-toggle-icon-opened\"><i class=\"elementor-toggle-icon-opened fas fa-caret-up\"><\/i><\/span>\n\t\t\t\t\t\t\t\t\t\t\t\t\t<\/span>\n\t\t\t\t\t\t\t\t\t\t\t\t<a class=\"elementor-toggle-title\" tabindex=\"0\">Artigos<\/a>\n\t\t\t\t\t<\/div>\n\n\t\t\t\t\t<div id=\"elementor-tab-content-1691\" class=\"elementor-tab-content elementor-clearfix\" data-tab=\"1\" role=\"region\" aria-labelledby=\"elementor-tab-title-1691\"><div style=\"text-align: justify;\"><table class=\"category table table-striped table-bordered table-hover\"><tbody><tr class=\"cat-list-row0\"><td class=\"list-title\" headers=\"categorylist_header_title\"><a href=\"https:\/\/ejurr.tjrr.jus.br\/?p=3051\">At\u00e9 que a morte nos separe<\/a><\/td><\/tr><tr class=\"cat-list-row1\"><td class=\"list-title\" headers=\"categorylist_header_title\"><a href=\"https:\/\/ejurr.tjrr.jus.br\/?p=15698\">O olfato do cachorro permite ao policial militar ingressar no domic\u00edlio sem autoriza\u00e7\u00e3o judicial ou sem consentimento do morador?<\/a><\/td><\/tr><tr class=\"cat-list-row0\"><td class=\"list-title\" headers=\"categorylist_header_title\"><a href=\"https:\/\/ejurr.tjrr.jus.br\/?p=15713\">Artigos e V\u00eddeos sobre a Justi\u00e7a Militar &#8211; Ronaldo Roth<\/a><\/td><\/tr><tr class=\"cat-list-row1\"><td class=\"list-title\" headers=\"categorylist_header_title\"><a href=\"https:\/\/ejurr.tjrr.jus.br\/?p=15740\">Ordem ilegal dever ser cumprida? A obedi\u00eancia hier\u00e1rquica do servidor civil e do militar<\/a><\/td><\/tr><tr class=\"cat-list-row0\"><td class=\"list-title\" headers=\"categorylist_header_title\"><a href=\"https:\/\/ejurr.tjrr.jus.br\/?p=15761\">A dinamiza\u00e7\u00e3o do \u00f4nus da prova e seus reflexos no procedimento dos Juizados Especiais<\/a><\/td><\/tr><\/tbody><\/table><\/div><\/div>\n\t\t\t\t<\/div>\n\t\t\t\t\t\t\t<div class=\"elementor-toggle-item\">\n\t\t\t\t\t<div id=\"elementor-tab-title-1692\" class=\"elementor-tab-title\" data-tab=\"2\" role=\"button\" aria-controls=\"elementor-tab-content-1692\" aria-expanded=\"false\">\n\t\t\t\t\t\t\t\t\t\t\t\t<span class=\"elementor-toggle-icon elementor-toggle-icon-left\" aria-hidden=\"true\">\n\t\t\t\t\t\t\t\t\t\t\t\t\t\t\t<span class=\"elementor-toggle-icon-closed\"><i class=\"fas fa-caret-right\"><\/i><\/span>\n\t\t\t\t\t\t\t\t<span class=\"elementor-toggle-icon-opened\"><i class=\"elementor-toggle-icon-opened fas fa-caret-up\"><\/i><\/span>\n\t\t\t\t\t\t\t\t\t\t\t\t\t<\/span>\n\t\t\t\t\t\t\t\t\t\t\t\t<a class=\"elementor-toggle-title\" tabindex=\"0\">Artigos P\u00f3s-gradua\u00e7\u00e3o<\/a>\n\t\t\t\t\t<\/div>\n\n\t\t\t\t\t<div id=\"elementor-tab-content-1692\" class=\"elementor-tab-content elementor-clearfix\" data-tab=\"2\" role=\"region\" aria-labelledby=\"elementor-tab-title-1692\"><table class=\"category table table-striped table-bordered table-hover\"><tbody><tr class=\"cat-list-row0\"><td class=\"list-title\" headers=\"categorylist_header_title\"><a href=\"https:\/\/ejurr.tjrr.jus.br\/?p=15794\">Atua\u00e7\u00e3o da equipe de processamento remoto do Tribunal de Justi\u00e7a de Roraima (2017 &#8211; 2019)<\/a><\/td><\/tr><tr class=\"cat-list-row1\"><td class=\"list-title\" headers=\"categorylist_header_title\"><a href=\"https:\/\/drive.google.com\/file\/d\/1uGQzrTq_TYifz3lW60E02t1iXWFr4Luj\/view?usp=drive_link\" target=\"_blank\" rel=\"noopener\">O desempenho jurisdicional do Tribunal de Justi\u00e7a do Estado de Roraima (2014 &#8211; 2018)<\/a><\/td><\/tr><tr class=\"cat-list-row0\"><td class=\"list-title\" headers=\"categorylist_header_title\"><a href=\"https:\/\/drive.google.com\/file\/d\/1COb2GcWWw-P-ldjAfG-uGkSybwmUXUO1\/view?usp=drive_link\" target=\"_blank\" rel=\"noopener\">A import\u00e2ncia do fornecimento de energia el\u00e9trica por meio de grupos geradores (como contig\u00eancia) no Tribunal de Justi\u00e7a do Estado de Roraima<\/a><\/td><\/tr><tr class=\"cat-list-row1\"><td class=\"list-title\" headers=\"categorylist_header_title\"><a href=\"https:\/\/drive.google.com\/file\/d\/1GN-KVU0fpZhgaFXIL_gr3-gmAwBmDPIw\/view?usp=drive_link\" target=\"_blank\" rel=\"noopener\">Cumprimento da Resolu\u00e7\u00e3o N\u00ba 201\/2015 do Conselho Nacional de Justi\u00e7a e a destina\u00e7\u00e3o de res\u00edduos s\u00f3lidos do Tribunal de Justi\u00e7a do Estado de Roraima<\/a><\/td><\/tr><tr class=\"cat-list-row0\"><td class=\"list-title\" headers=\"categorylist_header_title\"><a href=\"https:\/\/drive.google.com\/file\/d\/1QVSIaVVd35to14Nqsb0NvDiYes3AYvH4\/view?usp=drive_link\" target=\"_blank\" rel=\"noopener\">O controle de constitucionalidade e legalidade exercido pelo Conselho Nacional de Justi\u00e7a dos atos administrativos praticados no \u00e2mbito dos Tribunais de Justi\u00e7a<\/a><\/td><\/tr><tr class=\"cat-list-row1\"><td class=\"list-title\" headers=\"categorylist_header_title\"><a href=\"https:\/\/drive.google.com\/file\/d\/1WvtClFszuXR3Q3PHO6_nA9reVt1X_0OW\/view?usp=drive_link\" target=\"_blank\" rel=\"noopener\">Seguran\u00e7a P\u00fablica: Desafios e Perspectivas<\/a><\/td><\/tr><\/tbody><\/table><\/div>\n\t\t\t\t<\/div>\n\t\t\t\t\t\t\t\t<\/div>\n\t\t\t\t\t\t<\/div>\n\t\t\t\t<\/div>\n\t\t\t\t\t<\/div>\n\t\t\t\t<\/div>\n\t\t<div class=\"elementor-element elementor-element-36239e8 e-flex e-con-boxed e-con e-parent\" data-id=\"36239e8\" data-element_type=\"container\" data-e-type=\"container\">\n\t\t\t\t\t<div class=\"e-con-inner\">\n\t\t\t\t<div class=\"elementor-element elementor-element-0943d2f elementor-widget elementor-widget-spacer\" data-id=\"0943d2f\" data-element_type=\"widget\" data-e-type=\"widget\" data-widget_type=\"spacer.default\">\n\t\t\t\t<div class=\"elementor-widget-container\">\n\t\t\t\t\t\t\t<div class=\"elementor-spacer\">\n\t\t\t<div class=\"elementor-spacer-inner\"><\/div>\n\t\t<\/div>\n\t\t\t\t\t\t<\/div>\n\t\t\t\t<\/div>\n\t\t\t\t\t<\/div>\n\t\t\t\t<\/div>\n\t\t\t\t<\/div>\n\t\t","protected":false},"excerpt":{"rendered":"<p>A EJURR tem dentre seus deveres a difus\u00e3o do saber jur\u00eddico e das ci\u00eancias de elevado valor social e moral.&nbsp;Caso possua algum artigo que gostaria ver publicado em nosso sitio, por favor, envie seu trabalho para uma avalia\u00e7\u00e3o por nossa equipe editorial.&nbsp;O artigo deve conter, no m\u00e1ximo, 5 laudas, espa\u00e7amento 1 1\/2 , fonte Times [&hellip;]<\/p>\n","protected":false},"author":1,"featured_media":0,"parent":31,"menu_order":0,"comment_status":"closed","ping_status":"closed","template":"","meta":{"footnotes":""},"class_list":["post-335","page","type-page","status-publish","hentry"],"yoast_head":"<!-- This site is optimized with the Yoast SEO plugin v26.6 - https:\/\/yoast.com\/wordpress\/plugins\/seo\/ -->\n<title>Artigos - EJURR<\/title>\n<meta name=\"robots\" content=\"index, follow, max-snippet:-1, max-image-preview:large, max-video-preview:-1\" \/>\n<link rel=\"canonical\" href=\"https:\/\/ejurr.tjrr.jus.br\/?page_id=335\" \/>\n<meta property=\"og:locale\" content=\"pt_BR\" \/>\n<meta property=\"og:type\" content=\"article\" \/>\n<meta property=\"og:title\" content=\"Artigos - EJURR\" \/>\n<meta property=\"og:description\" content=\"A EJURR tem dentre seus deveres a difus\u00e3o do saber jur\u00eddico e das ci\u00eancias de elevado valor social e moral.&nbsp;Caso possua algum artigo que gostaria ver publicado em nosso sitio, por favor, envie seu trabalho para uma avalia\u00e7\u00e3o por nossa equipe editorial.&nbsp;O artigo deve conter, no m\u00e1ximo, 5 laudas, espa\u00e7amento 1 1\/2 , fonte Times [&hellip;]\" \/>\n<meta property=\"og:url\" content=\"https:\/\/ejurr.tjrr.jus.br\/?page_id=335\" \/>\n<meta property=\"og:site_name\" content=\"EJURR\" \/>\n<meta property=\"article:publisher\" content=\"https:\/\/www.facebook.com\/ejurr.tj\" \/>\n<meta property=\"article:modified_time\" content=\"2024-02-21T18:03:55+00:00\" \/>\n<meta property=\"og:image\" content=\"https:\/\/ejurr.tjrr.jus.br\/wp-content\/uploads\/2023\/06\/MIV-EJURR-V.png\" \/>\n\t<meta property=\"og:image:width\" content=\"387\" \/>\n\t<meta property=\"og:image:height\" content=\"369\" \/>\n\t<meta property=\"og:image:type\" content=\"image\/png\" \/>\n<meta name=\"twitter:card\" content=\"summary_large_image\" \/>\n<meta name=\"twitter:label1\" content=\"Est. tempo de leitura\" \/>\n\t<meta name=\"twitter:data1\" content=\"2 minutos\" \/>\n<script type=\"application\/ld+json\" class=\"yoast-schema-graph\">{\"@context\":\"https:\/\/schema.org\",\"@graph\":[{\"@type\":\"WebPage\",\"@id\":\"https:\/\/ejurr.tjrr.jus.br\/?page_id=335\",\"url\":\"https:\/\/ejurr.tjrr.jus.br\/?page_id=335\",\"name\":\"Artigos - EJURR\",\"isPartOf\":{\"@id\":\"https:\/\/ejurr.tjrr.jus.br\/#website\"},\"datePublished\":\"2023-03-28T15:22:30+00:00\",\"dateModified\":\"2024-02-21T18:03:55+00:00\",\"breadcrumb\":{\"@id\":\"https:\/\/ejurr.tjrr.jus.br\/?page_id=335#breadcrumb\"},\"inLanguage\":\"pt-BR\",\"potentialAction\":[{\"@type\":\"ReadAction\",\"target\":[\"https:\/\/ejurr.tjrr.jus.br\/?page_id=335\"]}]},{\"@type\":\"BreadcrumbList\",\"@id\":\"https:\/\/ejurr.tjrr.jus.br\/?page_id=335#breadcrumb\",\"itemListElement\":[{\"@type\":\"ListItem\",\"position\":1,\"name\":\"In\u00edcio\",\"item\":\"https:\/\/ejurr.tjrr.jus.br\/\"},{\"@type\":\"ListItem\",\"position\":2,\"name\":\"2 &#8211; IMPRENSA\",\"item\":\"https:\/\/ejurr.tjrr.jus.br\/?page_id=31\"},{\"@type\":\"ListItem\",\"position\":3,\"name\":\"Artigos\"}]},{\"@type\":\"WebSite\",\"@id\":\"https:\/\/ejurr.tjrr.jus.br\/#website\",\"url\":\"https:\/\/ejurr.tjrr.jus.br\/\",\"name\":\"Escola Judicial de Roraima\",\"description\":\"A Escola Judicial de Roraima \u00e9 uma institui\u00e7\u00e3o de educa\u00e7\u00e3o corporativa mantida pelo Tribunal de Justi\u00e7a do Estado de Roraima. Seu objetivo \u00e9 planejar e executar os cursos de forma\u00e7\u00e3o inicial, capacita\u00e7\u00e3o e aperfei\u00e7oamento dos magistrados, servidores, formadores e colaboradores do Poder Judici\u00e1rio.\",\"publisher\":{\"@id\":\"https:\/\/ejurr.tjrr.jus.br\/#organization\"},\"alternateName\":\"EJURR\",\"potentialAction\":[{\"@type\":\"SearchAction\",\"target\":{\"@type\":\"EntryPoint\",\"urlTemplate\":\"https:\/\/ejurr.tjrr.jus.br\/?s={search_term_string}\"},\"query-input\":{\"@type\":\"PropertyValueSpecification\",\"valueRequired\":true,\"valueName\":\"search_term_string\"}}],\"inLanguage\":\"pt-BR\"},{\"@type\":\"Organization\",\"@id\":\"https:\/\/ejurr.tjrr.jus.br\/#organization\",\"name\":\"Escola Judicial de Roraima\",\"alternateName\":\"EJURR\",\"url\":\"https:\/\/ejurr.tjrr.jus.br\/\",\"logo\":{\"@type\":\"ImageObject\",\"inLanguage\":\"pt-BR\",\"@id\":\"https:\/\/ejurr.tjrr.jus.br\/#\/schema\/logo\/image\/\",\"url\":\"https:\/\/ejurr.tjrr.jus.br\/wp-content\/uploads\/2023\/06\/MIV-EJURR-V.png\",\"contentUrl\":\"https:\/\/ejurr.tjrr.jus.br\/wp-content\/uploads\/2023\/06\/MIV-EJURR-V.png\",\"width\":387,\"height\":369,\"caption\":\"Escola Judicial de Roraima\"},\"image\":{\"@id\":\"https:\/\/ejurr.tjrr.jus.br\/#\/schema\/logo\/image\/\"},\"sameAs\":[\"https:\/\/www.facebook.com\/ejurr.tj\",\"https:\/\/www.instagram.com\/ejurr.tj\/\",\"https:\/\/www.youtube.com\/@ejurr\",\"https:\/\/wa.me\/559531984156\",\"https:\/\/www.flickr.com\/photos\/ejurr_oficial\"]}]}<\/script>\n<!-- \/ Yoast SEO plugin. -->","yoast_head_json":{"title":"Artigos - EJURR","robots":{"index":"index","follow":"follow","max-snippet":"max-snippet:-1","max-image-preview":"max-image-preview:large","max-video-preview":"max-video-preview:-1"},"canonical":"https:\/\/ejurr.tjrr.jus.br\/?page_id=335","og_locale":"pt_BR","og_type":"article","og_title":"Artigos - EJURR","og_description":"A EJURR tem dentre seus deveres a difus\u00e3o do saber jur\u00eddico e das ci\u00eancias de elevado valor social e moral.&nbsp;Caso possua algum artigo que gostaria ver publicado em nosso sitio, por favor, envie seu trabalho para uma avalia\u00e7\u00e3o por nossa equipe editorial.&nbsp;O artigo deve conter, no m\u00e1ximo, 5 laudas, espa\u00e7amento 1 1\/2 , fonte Times [&hellip;]","og_url":"https:\/\/ejurr.tjrr.jus.br\/?page_id=335","og_site_name":"EJURR","article_publisher":"https:\/\/www.facebook.com\/ejurr.tj","article_modified_time":"2024-02-21T18:03:55+00:00","og_image":[{"width":387,"height":369,"url":"https:\/\/ejurr.tjrr.jus.br\/wp-content\/uploads\/2023\/06\/MIV-EJURR-V.png","type":"image\/png"}],"twitter_card":"summary_large_image","twitter_misc":{"Est. tempo de leitura":"2 minutos"},"schema":{"@context":"https:\/\/schema.org","@graph":[{"@type":"WebPage","@id":"https:\/\/ejurr.tjrr.jus.br\/?page_id=335","url":"https:\/\/ejurr.tjrr.jus.br\/?page_id=335","name":"Artigos - EJURR","isPartOf":{"@id":"https:\/\/ejurr.tjrr.jus.br\/#website"},"datePublished":"2023-03-28T15:22:30+00:00","dateModified":"2024-02-21T18:03:55+00:00","breadcrumb":{"@id":"https:\/\/ejurr.tjrr.jus.br\/?page_id=335#breadcrumb"},"inLanguage":"pt-BR","potentialAction":[{"@type":"ReadAction","target":["https:\/\/ejurr.tjrr.jus.br\/?page_id=335"]}]},{"@type":"BreadcrumbList","@id":"https:\/\/ejurr.tjrr.jus.br\/?page_id=335#breadcrumb","itemListElement":[{"@type":"ListItem","position":1,"name":"In\u00edcio","item":"https:\/\/ejurr.tjrr.jus.br\/"},{"@type":"ListItem","position":2,"name":"2 &#8211; IMPRENSA","item":"https:\/\/ejurr.tjrr.jus.br\/?page_id=31"},{"@type":"ListItem","position":3,"name":"Artigos"}]},{"@type":"WebSite","@id":"https:\/\/ejurr.tjrr.jus.br\/#website","url":"https:\/\/ejurr.tjrr.jus.br\/","name":"Escola Judicial de Roraima","description":"A Escola Judicial de Roraima \u00e9 uma institui\u00e7\u00e3o de educa\u00e7\u00e3o corporativa mantida pelo Tribunal de Justi\u00e7a do Estado de Roraima. Seu objetivo \u00e9 planejar e executar os cursos de forma\u00e7\u00e3o inicial, capacita\u00e7\u00e3o e aperfei\u00e7oamento dos magistrados, servidores, formadores e colaboradores do Poder Judici\u00e1rio.","publisher":{"@id":"https:\/\/ejurr.tjrr.jus.br\/#organization"},"alternateName":"EJURR","potentialAction":[{"@type":"SearchAction","target":{"@type":"EntryPoint","urlTemplate":"https:\/\/ejurr.tjrr.jus.br\/?s={search_term_string}"},"query-input":{"@type":"PropertyValueSpecification","valueRequired":true,"valueName":"search_term_string"}}],"inLanguage":"pt-BR"},{"@type":"Organization","@id":"https:\/\/ejurr.tjrr.jus.br\/#organization","name":"Escola Judicial de Roraima","alternateName":"EJURR","url":"https:\/\/ejurr.tjrr.jus.br\/","logo":{"@type":"ImageObject","inLanguage":"pt-BR","@id":"https:\/\/ejurr.tjrr.jus.br\/#\/schema\/logo\/image\/","url":"https:\/\/ejurr.tjrr.jus.br\/wp-content\/uploads\/2023\/06\/MIV-EJURR-V.png","contentUrl":"https:\/\/ejurr.tjrr.jus.br\/wp-content\/uploads\/2023\/06\/MIV-EJURR-V.png","width":387,"height":369,"caption":"Escola Judicial de Roraima"},"image":{"@id":"https:\/\/ejurr.tjrr.jus.br\/#\/schema\/logo\/image\/"},"sameAs":["https:\/\/www.facebook.com\/ejurr.tj","https:\/\/www.instagram.com\/ejurr.tj\/","https:\/\/www.youtube.com\/@ejurr","https:\/\/wa.me\/559531984156","https:\/\/www.flickr.com\/photos\/ejurr_oficial"]}]}},"_links":{"self":[{"href":"https:\/\/ejurr.tjrr.jus.br\/index.php?rest_route=\/wp\/v2\/pages\/335","targetHints":{"allow":["GET"]}}],"collection":[{"href":"https:\/\/ejurr.tjrr.jus.br\/index.php?rest_route=\/wp\/v2\/pages"}],"about":[{"href":"https:\/\/ejurr.tjrr.jus.br\/index.php?rest_route=\/wp\/v2\/types\/page"}],"author":[{"embeddable":true,"href":"https:\/\/ejurr.tjrr.jus.br\/index.php?rest_route=\/wp\/v2\/users\/1"}],"replies":[{"embeddable":true,"href":"https:\/\/ejurr.tjrr.jus.br\/index.php?rest_route=%2Fwp%2Fv2%2Fcomments&post=335"}],"version-history":[{"count":103,"href":"https:\/\/ejurr.tjrr.jus.br\/index.php?rest_route=\/wp\/v2\/pages\/335\/revisions"}],"predecessor-version":[{"id":15884,"href":"https:\/\/ejurr.tjrr.jus.br\/index.php?rest_route=\/wp\/v2\/pages\/335\/revisions\/15884"}],"up":[{"embeddable":true,"href":"https:\/\/ejurr.tjrr.jus.br\/index.php?rest_route=\/wp\/v2\/pages\/31"}],"wp:attachment":[{"href":"https:\/\/ejurr.tjrr.jus.br\/index.php?rest_route=%2Fwp%2Fv2%2Fmedia&parent=335"}],"curies":[{"name":"wp","href":"https:\/\/api.w.org\/{rel}","templated":true}]}}