{"id":318,"date":"2023-03-28T11:18:38","date_gmt":"2023-03-28T15:18:38","guid":{"rendered":"http:\/\/portalejurr.tjrr.jus.br\/?page_id=318"},"modified":"2026-05-07T11:22:35","modified_gmt":"2026-05-07T15:22:35","slug":"documentos","status":"publish","type":"page","link":"https:\/\/ejurr.tjrr.jus.br\/?page_id=318","title":{"rendered":"Documentos"},"content":{"rendered":"\t\t<div data-elementor-type=\"wp-page\" data-elementor-id=\"318\" class=\"elementor elementor-318\" data-elementor-post-type=\"page\">\n\t\t\t\t<div class=\"elementor-element elementor-element-ba6c303 e-flex e-con-boxed e-con e-parent\" data-id=\"ba6c303\" data-element_type=\"container\" data-e-type=\"container\">\n\t\t\t\t\t<div class=\"e-con-inner\">\n\t\t\t\t<div class=\"elementor-element elementor-element-d1f1362 elementor-widget elementor-widget-heading\" data-id=\"d1f1362\" data-element_type=\"widget\" data-e-type=\"widget\" data-widget_type=\"heading.default\">\n\t\t\t\t<div class=\"elementor-widget-container\">\n\t\t\t\t\t<h2 class=\"elementor-heading-title elementor-size-default\">Documentos<\/h2>\t\t\t\t<\/div>\n\t\t\t\t<\/div>\n\t\t\t\t\t<\/div>\n\t\t\t\t<\/div>\n\t\t<div class=\"elementor-element elementor-element-1110461 e-flex e-con-boxed e-con e-parent\" data-id=\"1110461\" data-element_type=\"container\" data-e-type=\"container\">\n\t\t\t\t\t<div class=\"e-con-inner\">\n\t\t<div class=\"elementor-element elementor-element-977e0a5 e-con-full e-flex e-con e-child\" data-id=\"977e0a5\" data-element_type=\"container\" data-e-type=\"container\">\n\t\t\t\t<div class=\"elementor-element elementor-element-f5cd424 elementor-position-top elementor-widget elementor-widget-image-box\" data-id=\"f5cd424\" data-element_type=\"widget\" data-e-type=\"widget\" data-widget_type=\"image-box.default\">\n\t\t\t\t<div class=\"elementor-widget-container\">\n\t\t\t\t\t<div class=\"elementor-image-box-wrapper\"><figure class=\"elementor-image-box-img\"><a href=\"https:\/\/drive.google.com\/file\/d\/1hbPrwBjSTNf-ElEWekvIfm1S2DgVeYOk\/view?usp=drive_link\" target=\"_blank\" tabindex=\"-1\"><img fetchpriority=\"high\" decoding=\"async\" width=\"400\" height=\"567\" src=\"https:\/\/ejurr.tjrr.jus.br\/wp-content\/uploads\/2026\/03\/CAPA-PLANO-DE-GESTAO.jpg.jpeg\" class=\"attachment-full size-full wp-image-30575\" alt=\"\" srcset=\"https:\/\/ejurr.tjrr.jus.br\/wp-content\/uploads\/2026\/03\/CAPA-PLANO-DE-GESTAO.jpg.jpeg 400w, https:\/\/ejurr.tjrr.jus.br\/wp-content\/uploads\/2026\/03\/CAPA-PLANO-DE-GESTAO.jpg-212x300.jpeg 212w\" sizes=\"(max-width: 400px) 100vw, 400px\" \/><\/a><\/figure><div class=\"elementor-image-box-content\"><h6 class=\"elementor-image-box-title\"><a href=\"https:\/\/drive.google.com\/file\/d\/1hbPrwBjSTNf-ElEWekvIfm1S2DgVeYOk\/view?usp=drive_link\" target=\"_blank\">Plano de Gest\u00e3o <\/a><\/h6><\/div><\/div>\t\t\t\t<\/div>\n\t\t\t\t<\/div>\n\t\t\t\t<\/div>\n\t\t<div class=\"elementor-element elementor-element-d75b8f6 e-con-full e-flex e-con e-child\" data-id=\"d75b8f6\" data-element_type=\"container\" data-e-type=\"container\">\n\t\t\t\t<div class=\"elementor-element elementor-element-7487aae elementor-position-top elementor-widget elementor-widget-image-box\" data-id=\"7487aae\" data-element_type=\"widget\" data-e-type=\"widget\" data-widget_type=\"image-box.default\">\n\t\t\t\t<div class=\"elementor-widget-container\">\n\t\t\t\t\t<div class=\"elementor-image-box-wrapper\"><figure class=\"elementor-image-box-img\"><a href=\"https:\/\/drive.google.com\/file\/d\/1tPD01km603-5GUt8il3zEeTyQU_ZGfbZ\/view?usp=sharing\" target=\"_blank\" tabindex=\"-1\"><img decoding=\"async\" width=\"400\" height=\"567\" src=\"https:\/\/ejurr.tjrr.jus.br\/wp-content\/uploads\/2026\/05\/CAPA-CALENDARIO.jpg.jpeg\" class=\"attachment-full size-full wp-image-31213\" alt=\"\" srcset=\"https:\/\/ejurr.tjrr.jus.br\/wp-content\/uploads\/2026\/05\/CAPA-CALENDARIO.jpg.jpeg 400w, https:\/\/ejurr.tjrr.jus.br\/wp-content\/uploads\/2026\/05\/CAPA-CALENDARIO.jpg-212x300.jpeg 212w\" sizes=\"(max-width: 400px) 100vw, 400px\" \/><\/a><\/figure><div class=\"elementor-image-box-content\"><h6 class=\"elementor-image-box-title\"><a href=\"https:\/\/drive.google.com\/file\/d\/1tPD01km603-5GUt8il3zEeTyQU_ZGfbZ\/view?usp=sharing\" target=\"_blank\">Calend\u00e1rio 2026<\/a><\/h6><\/div><\/div>\t\t\t\t<\/div>\n\t\t\t\t<\/div>\n\t\t\t\t<\/div>\n\t\t<div class=\"elementor-element elementor-element-2485097 e-con-full e-flex e-con e-child\" data-id=\"2485097\" data-element_type=\"container\" data-e-type=\"container\">\n\t\t\t\t<div class=\"elementor-element elementor-element-564b929 elementor-position-top elementor-widget elementor-widget-image-box\" data-id=\"564b929\" data-element_type=\"widget\" data-e-type=\"widget\" data-widget_type=\"image-box.default\">\n\t\t\t\t<div class=\"elementor-widget-container\">\n\t\t\t\t\t<div class=\"elementor-image-box-wrapper\"><figure class=\"elementor-image-box-img\"><a href=\"https:\/\/drive.google.com\/file\/d\/1jTPD8TkGq_dTLNANvdXYkDXBwnYsmZ6k\/view?usp=sharing\" target=\"_blank\" tabindex=\"-1\"><img decoding=\"async\" width=\"400\" height=\"567\" src=\"https:\/\/ejurr.tjrr.jus.br\/wp-content\/uploads\/2025\/06\/CAPA-CALENDARIO.jpg\" class=\"attachment-full size-full wp-image-27789\" alt=\"\" srcset=\"https:\/\/ejurr.tjrr.jus.br\/wp-content\/uploads\/2025\/06\/CAPA-CALENDARIO.jpg 400w, https:\/\/ejurr.tjrr.jus.br\/wp-content\/uploads\/2025\/06\/CAPA-CALENDARIO-212x300.jpg 212w\" sizes=\"(max-width: 400px) 100vw, 400px\" \/><\/a><\/figure><div class=\"elementor-image-box-content\"><h6 class=\"elementor-image-box-title\"><a href=\"https:\/\/drive.google.com\/file\/d\/1jTPD8TkGq_dTLNANvdXYkDXBwnYsmZ6k\/view?usp=sharing\" target=\"_blank\">Calend\u00e1rio 2025<\/a><\/h6><\/div><\/div>\t\t\t\t<\/div>\n\t\t\t\t<\/div>\n\t\t\t\t<\/div>\n\t\t<div class=\"elementor-element elementor-element-dedbee8 e-con-full e-flex e-con e-child\" data-id=\"dedbee8\" data-element_type=\"container\" data-e-type=\"container\">\n\t\t\t\t<div class=\"elementor-element elementor-element-afd2b26 elementor-position-top elementor-widget elementor-widget-image-box\" data-id=\"afd2b26\" data-element_type=\"widget\" data-e-type=\"widget\" data-widget_type=\"image-box.default\">\n\t\t\t\t<div class=\"elementor-widget-container\">\n\t\t\t\t\t<div class=\"elementor-image-box-wrapper\"><figure class=\"elementor-image-box-img\"><a href=\"https:\/\/drive.google.com\/file\/d\/1TgQ6O1UeF6QKKvQbC_oUoT7h9G0YGe5D\/view?usp=sharing\" target=\"_blank\" tabindex=\"-1\"><img loading=\"lazy\" decoding=\"async\" width=\"400\" height=\"567\" src=\"https:\/\/ejurr.tjrr.jus.br\/wp-content\/uploads\/2025\/06\/CAPA-PLANO-ANUAL.jpg\" class=\"attachment-full size-full wp-image-27719\" alt=\"\" srcset=\"https:\/\/ejurr.tjrr.jus.br\/wp-content\/uploads\/2025\/06\/CAPA-PLANO-ANUAL.jpg 400w, https:\/\/ejurr.tjrr.jus.br\/wp-content\/uploads\/2025\/06\/CAPA-PLANO-ANUAL-212x300.jpg 212w\" sizes=\"(max-width: 400px) 100vw, 400px\" \/><\/a><\/figure><div class=\"elementor-image-box-content\"><h6 class=\"elementor-image-box-title\"><a href=\"https:\/\/drive.google.com\/file\/d\/1TgQ6O1UeF6QKKvQbC_oUoT7h9G0YGe5D\/view?usp=sharing\" target=\"_blank\">Plano Anual de Capacita\u00e7\u00e3o<\/a><\/h6><\/div><\/div>\t\t\t\t<\/div>\n\t\t\t\t<\/div>\n\t\t\t\t<\/div>\n\t\t<div class=\"elementor-element elementor-element-1f6545d e-con-full e-flex e-con e-child\" data-id=\"1f6545d\" data-element_type=\"container\" data-e-type=\"container\">\n\t\t\t\t<div class=\"elementor-element elementor-element-d21bb40 elementor-position-top elementor-widget elementor-widget-image-box\" data-id=\"d21bb40\" data-element_type=\"widget\" data-e-type=\"widget\" data-widget_type=\"image-box.default\">\n\t\t\t\t<div class=\"elementor-widget-container\">\n\t\t\t\t\t<div class=\"elementor-image-box-wrapper\"><figure class=\"elementor-image-box-img\"><a href=\"https:\/\/drive.google.com\/file\/d\/1EdFnoeeHenjOwPn_5_J2v8EYLsnjxEj5\/view?usp=share_link\" target=\"_blank\" tabindex=\"-1\"><img loading=\"lazy\" decoding=\"async\" width=\"400\" height=\"567\" src=\"https:\/\/ejurr.tjrr.jus.br\/wp-content\/uploads\/2023\/04\/PAC-1.png\" class=\"attachment-full size-full wp-image-2875\" alt=\"\" \/><\/a><\/figure><div class=\"elementor-image-box-content\"><h6 class=\"elementor-image-box-title\"><a href=\"https:\/\/drive.google.com\/file\/d\/1EdFnoeeHenjOwPn_5_J2v8EYLsnjxEj5\/view?usp=share_link\" target=\"_blank\">Plano Anual de Capacita\u00e7\u00e3o<\/a><\/h6><\/div><\/div>\t\t\t\t<\/div>\n\t\t\t\t<\/div>\n\t\t\t\t<\/div>\n\t\t<div class=\"elementor-element elementor-element-2a8939f e-con-full e-flex e-con e-child\" data-id=\"2a8939f\" data-element_type=\"container\" data-e-type=\"container\">\n\t\t\t\t<div class=\"elementor-element elementor-element-dec97e7 elementor-position-top elementor-widget elementor-widget-image-box\" data-id=\"dec97e7\" data-element_type=\"widget\" data-e-type=\"widget\" data-widget_type=\"image-box.default\">\n\t\t\t\t<div class=\"elementor-widget-container\">\n\t\t\t\t\t<div class=\"elementor-image-box-wrapper\"><figure class=\"elementor-image-box-img\"><a href=\"https:\/\/drive.google.com\/file\/d\/1E_4m4P9EBcpJrllqIYzuyTpGkfVvWJLO\/view?usp=share_link\" target=\"_blank\" tabindex=\"-1\"><img loading=\"lazy\" decoding=\"async\" width=\"400\" height=\"566\" src=\"https:\/\/ejurr.tjrr.jus.br\/wp-content\/uploads\/2023\/04\/Reltorio_gesto-1.jpg\" class=\"attachment-full size-full wp-image-2877\" alt=\"\" \/><\/a><\/figure><div class=\"elementor-image-box-content\"><h6 class=\"elementor-image-box-title\"><a href=\"https:\/\/drive.google.com\/file\/d\/1E_4m4P9EBcpJrllqIYzuyTpGkfVvWJLO\/view?usp=share_link\" target=\"_blank\">Relat\u00f3rio de Gest\u00e3o<\/a><\/h6><\/div><\/div>\t\t\t\t<\/div>\n\t\t\t\t<\/div>\n\t\t\t\t<\/div>\n\t\t<div class=\"elementor-element elementor-element-b79d180 e-con-full e-flex e-con e-child\" data-id=\"b79d180\" data-element_type=\"container\" data-e-type=\"container\">\n\t\t\t\t<div class=\"elementor-element elementor-element-1a17f8d elementor-position-top elementor-widget elementor-widget-image-box\" data-id=\"1a17f8d\" data-element_type=\"widget\" data-e-type=\"widget\" data-widget_type=\"image-box.default\">\n\t\t\t\t<div class=\"elementor-widget-container\">\n\t\t\t\t\t<div class=\"elementor-image-box-wrapper\"><figure class=\"elementor-image-box-img\"><a href=\"https:\/\/drive.google.com\/file\/d\/1EjGRbvHPxIf4pnPY2kHOVs1KPKQplZyV\/view?usp=share_link\" target=\"_blank\" tabindex=\"-1\"><img loading=\"lazy\" decoding=\"async\" width=\"400\" height=\"566\" src=\"https:\/\/ejurr.tjrr.jus.br\/wp-content\/uploads\/2023\/04\/projeto_de_desenvolvimento_2022-1.jpg\" class=\"attachment-full size-full wp-image-2878\" alt=\"\" \/><\/a><\/figure><div class=\"elementor-image-box-content\"><h6 class=\"elementor-image-box-title\"><a href=\"https:\/\/drive.google.com\/file\/d\/1EjGRbvHPxIf4pnPY2kHOVs1KPKQplZyV\/view?usp=share_link\" target=\"_blank\">Projeto de Desenvolvimento Institucional<\/a><\/h6><\/div><\/div>\t\t\t\t<\/div>\n\t\t\t\t<\/div>\n\t\t\t\t<\/div>\n\t\t<div class=\"elementor-element elementor-element-749df5f e-con-full e-flex e-con e-child\" data-id=\"749df5f\" data-element_type=\"container\" data-e-type=\"container\">\n\t\t\t\t<div class=\"elementor-element elementor-element-735b913 elementor-position-top elementor-widget elementor-widget-image-box\" data-id=\"735b913\" data-element_type=\"widget\" data-e-type=\"widget\" data-widget_type=\"image-box.default\">\n\t\t\t\t<div class=\"elementor-widget-container\">\n\t\t\t\t\t<div class=\"elementor-image-box-wrapper\"><figure class=\"elementor-image-box-img\"><a href=\"https:\/\/drive.google.com\/file\/d\/1EkMCCxkl_CGKwNJ8vC7BBA4HF7LADZgM\/view?usp=share_link\" target=\"_blank\" tabindex=\"-1\"><img loading=\"lazy\" decoding=\"async\" width=\"400\" height=\"567\" src=\"https:\/\/ejurr.tjrr.jus.br\/wp-content\/uploads\/2023\/04\/planejamento_estrategico-2.jpg\" class=\"attachment-full size-full wp-image-2879\" alt=\"\" \/><\/a><\/figure><div class=\"elementor-image-box-content\"><h6 class=\"elementor-image-box-title\"><a href=\"https:\/\/drive.google.com\/file\/d\/1EkMCCxkl_CGKwNJ8vC7BBA4HF7LADZgM\/view?usp=share_link\" target=\"_blank\">Planejamento Estrat\u00e9gico<\/a><\/h6><\/div><\/div>\t\t\t\t<\/div>\n\t\t\t\t<\/div>\n\t\t\t\t<\/div>\n\t\t<div class=\"elementor-element elementor-element-4e01c3c e-con-full e-flex e-con e-child\" data-id=\"4e01c3c\" data-element_type=\"container\" data-e-type=\"container\">\n\t\t\t\t<div class=\"elementor-element elementor-element-4f7bfac elementor-position-top elementor-widget elementor-widget-image-box\" data-id=\"4f7bfac\" data-element_type=\"widget\" data-e-type=\"widget\" data-widget_type=\"image-box.default\">\n\t\t\t\t<div class=\"elementor-widget-container\">\n\t\t\t\t\t<div class=\"elementor-image-box-wrapper\"><figure class=\"elementor-image-box-img\"><a href=\"https:\/\/drive.google.com\/file\/d\/1GBC8CCuiuYKPjyvhqq2RCH_LIrRaKZsr\/view?usp=drive_link\" target=\"_blank\" tabindex=\"-1\"><img loading=\"lazy\" decoding=\"async\" width=\"455\" height=\"643\" src=\"https:\/\/ejurr.tjrr.jus.br\/wp-content\/uploads\/2025\/02\/relatorio-de-gestao-2023-2025.png\" class=\"attachment-full size-full wp-image-26001\" alt=\"\" srcset=\"https:\/\/ejurr.tjrr.jus.br\/wp-content\/uploads\/2025\/02\/relatorio-de-gestao-2023-2025.png 455w, https:\/\/ejurr.tjrr.jus.br\/wp-content\/uploads\/2025\/02\/relatorio-de-gestao-2023-2025-212x300.png 212w\" sizes=\"(max-width: 455px) 100vw, 455px\" \/><\/a><\/figure><div class=\"elementor-image-box-content\"><h6 class=\"elementor-image-box-title\"><a href=\"https:\/\/drive.google.com\/file\/d\/1GBC8CCuiuYKPjyvhqq2RCH_LIrRaKZsr\/view?usp=drive_link\" target=\"_blank\">Relat\u00f3rio de Gest\u00e3o 2023-2025<\/a><\/h6><\/div><\/div>\t\t\t\t<\/div>\n\t\t\t\t<\/div>\n\t\t\t\t<\/div>\n\t\t\t\t\t<\/div>\n\t\t\t\t<\/div>\n\t\t\t\t<\/div>\n\t\t","protected":false},"excerpt":{"rendered":"<p>Plano de Gest\u00e3o Calend\u00e1rio 2026 Calend\u00e1rio 2025 Plano Anual de Capacita\u00e7\u00e3o Plano Anual de Capacita\u00e7\u00e3o Relat\u00f3rio de Gest\u00e3o Projeto de Desenvolvimento Institucional Planejamento Estrat\u00e9gico Relat\u00f3rio de Gest\u00e3o 2023-2025<\/p>\n","protected":false},"author":1,"featured_media":0,"parent":25,"menu_order":0,"comment_status":"closed","ping_status":"closed","template":"","meta":{"footnotes":""},"class_list":["post-318","page","type-page","status-publish","hentry"],"yoast_head":"<!-- This site is optimized with the Yoast SEO plugin v26.6 - https:\/\/yoast.com\/wordpress\/plugins\/seo\/ -->\n<title>Documentos - EJURR<\/title>\n<meta name=\"robots\" content=\"index, follow, max-snippet:-1, max-image-preview:large, max-video-preview:-1\" \/>\n<link rel=\"canonical\" href=\"https:\/\/ejurr.tjrr.jus.br\/?page_id=318\" \/>\n<meta property=\"og:locale\" content=\"pt_BR\" \/>\n<meta property=\"og:type\" content=\"article\" \/>\n<meta property=\"og:title\" content=\"Documentos - EJURR\" \/>\n<meta property=\"og:description\" content=\"Plano de Gest\u00e3o Calend\u00e1rio 2026 Calend\u00e1rio 2025 Plano Anual de Capacita\u00e7\u00e3o Plano Anual de Capacita\u00e7\u00e3o Relat\u00f3rio de Gest\u00e3o Projeto de Desenvolvimento Institucional Planejamento Estrat\u00e9gico Relat\u00f3rio de Gest\u00e3o 2023-2025\" \/>\n<meta property=\"og:url\" content=\"https:\/\/ejurr.tjrr.jus.br\/?page_id=318\" \/>\n<meta property=\"og:site_name\" content=\"EJURR\" \/>\n<meta property=\"article:publisher\" content=\"https:\/\/www.facebook.com\/ejurr.tj\" \/>\n<meta property=\"article:modified_time\" content=\"2026-05-07T15:22:35+00:00\" \/>\n<meta property=\"og:image\" content=\"https:\/\/ejurr.tjrr.jus.br\/wp-content\/uploads\/2026\/03\/CAPA-PLANO-DE-GESTAO.jpg.jpeg\" \/>\n\t<meta property=\"og:image:width\" content=\"400\" \/>\n\t<meta property=\"og:image:height\" content=\"567\" \/>\n\t<meta property=\"og:image:type\" content=\"image\/jpeg\" \/>\n<meta name=\"twitter:card\" content=\"summary_large_image\" \/>\n<meta name=\"twitter:label1\" content=\"Est. tempo de leitura\" \/>\n\t<meta name=\"twitter:data1\" content=\"2 minutos\" \/>\n<script type=\"application\/ld+json\" class=\"yoast-schema-graph\">{\"@context\":\"https:\/\/schema.org\",\"@graph\":[{\"@type\":\"WebPage\",\"@id\":\"https:\/\/ejurr.tjrr.jus.br\/?page_id=318\",\"url\":\"https:\/\/ejurr.tjrr.jus.br\/?page_id=318\",\"name\":\"Documentos - EJURR\",\"isPartOf\":{\"@id\":\"https:\/\/ejurr.tjrr.jus.br\/#website\"},\"primaryImageOfPage\":{\"@id\":\"https:\/\/ejurr.tjrr.jus.br\/?page_id=318#primaryimage\"},\"image\":{\"@id\":\"https:\/\/ejurr.tjrr.jus.br\/?page_id=318#primaryimage\"},\"thumbnailUrl\":\"https:\/\/ejurr.tjrr.jus.br\/wp-content\/uploads\/2026\/03\/CAPA-PLANO-DE-GESTAO.jpg.jpeg\",\"datePublished\":\"2023-03-28T15:18:38+00:00\",\"dateModified\":\"2026-05-07T15:22:35+00:00\",\"breadcrumb\":{\"@id\":\"https:\/\/ejurr.tjrr.jus.br\/?page_id=318#breadcrumb\"},\"inLanguage\":\"pt-BR\",\"potentialAction\":[{\"@type\":\"ReadAction\",\"target\":[\"https:\/\/ejurr.tjrr.jus.br\/?page_id=318\"]}]},{\"@type\":\"ImageObject\",\"inLanguage\":\"pt-BR\",\"@id\":\"https:\/\/ejurr.tjrr.jus.br\/?page_id=318#primaryimage\",\"url\":\"https:\/\/ejurr.tjrr.jus.br\/wp-content\/uploads\/2026\/03\/CAPA-PLANO-DE-GESTAO.jpg.jpeg\",\"contentUrl\":\"https:\/\/ejurr.tjrr.jus.br\/wp-content\/uploads\/2026\/03\/CAPA-PLANO-DE-GESTAO.jpg.jpeg\",\"width\":400,\"height\":567},{\"@type\":\"BreadcrumbList\",\"@id\":\"https:\/\/ejurr.tjrr.jus.br\/?page_id=318#breadcrumb\",\"itemListElement\":[{\"@type\":\"ListItem\",\"position\":1,\"name\":\"In\u00edcio\",\"item\":\"https:\/\/ejurr.tjrr.jus.br\/\"},{\"@type\":\"ListItem\",\"position\":2,\"name\":\"1 &#8211; INSTITUCIONAL\",\"item\":\"https:\/\/ejurr.tjrr.jus.br\/?page_id=25\"},{\"@type\":\"ListItem\",\"position\":3,\"name\":\"Documentos\"}]},{\"@type\":\"WebSite\",\"@id\":\"https:\/\/ejurr.tjrr.jus.br\/#website\",\"url\":\"https:\/\/ejurr.tjrr.jus.br\/\",\"name\":\"Escola Judicial de Roraima\",\"description\":\"A Escola Judicial de Roraima \u00e9 uma institui\u00e7\u00e3o de educa\u00e7\u00e3o corporativa mantida pelo Tribunal de Justi\u00e7a do Estado de Roraima. Seu objetivo \u00e9 planejar e executar os cursos de forma\u00e7\u00e3o inicial, capacita\u00e7\u00e3o e aperfei\u00e7oamento dos magistrados, servidores, formadores e colaboradores do Poder Judici\u00e1rio.\",\"publisher\":{\"@id\":\"https:\/\/ejurr.tjrr.jus.br\/#organization\"},\"alternateName\":\"EJURR\",\"potentialAction\":[{\"@type\":\"SearchAction\",\"target\":{\"@type\":\"EntryPoint\",\"urlTemplate\":\"https:\/\/ejurr.tjrr.jus.br\/?s={search_term_string}\"},\"query-input\":{\"@type\":\"PropertyValueSpecification\",\"valueRequired\":true,\"valueName\":\"search_term_string\"}}],\"inLanguage\":\"pt-BR\"},{\"@type\":\"Organization\",\"@id\":\"https:\/\/ejurr.tjrr.jus.br\/#organization\",\"name\":\"Escola Judicial de Roraima\",\"alternateName\":\"EJURR\",\"url\":\"https:\/\/ejurr.tjrr.jus.br\/\",\"logo\":{\"@type\":\"ImageObject\",\"inLanguage\":\"pt-BR\",\"@id\":\"https:\/\/ejurr.tjrr.jus.br\/#\/schema\/logo\/image\/\",\"url\":\"https:\/\/ejurr.tjrr.jus.br\/wp-content\/uploads\/2023\/06\/MIV-EJURR-V.png\",\"contentUrl\":\"https:\/\/ejurr.tjrr.jus.br\/wp-content\/uploads\/2023\/06\/MIV-EJURR-V.png\",\"width\":387,\"height\":369,\"caption\":\"Escola Judicial de Roraima\"},\"image\":{\"@id\":\"https:\/\/ejurr.tjrr.jus.br\/#\/schema\/logo\/image\/\"},\"sameAs\":[\"https:\/\/www.facebook.com\/ejurr.tj\",\"https:\/\/www.instagram.com\/ejurr.tj\/\",\"https:\/\/www.youtube.com\/@ejurr\",\"https:\/\/wa.me\/559531984156\",\"https:\/\/www.flickr.com\/photos\/ejurr_oficial\"]}]}<\/script>\n<!-- \/ Yoast SEO plugin. -->","yoast_head_json":{"title":"Documentos - EJURR","robots":{"index":"index","follow":"follow","max-snippet":"max-snippet:-1","max-image-preview":"max-image-preview:large","max-video-preview":"max-video-preview:-1"},"canonical":"https:\/\/ejurr.tjrr.jus.br\/?page_id=318","og_locale":"pt_BR","og_type":"article","og_title":"Documentos - EJURR","og_description":"Plano de Gest\u00e3o Calend\u00e1rio 2026 Calend\u00e1rio 2025 Plano Anual de Capacita\u00e7\u00e3o Plano Anual de Capacita\u00e7\u00e3o Relat\u00f3rio de Gest\u00e3o Projeto de Desenvolvimento Institucional Planejamento Estrat\u00e9gico Relat\u00f3rio de Gest\u00e3o 2023-2025","og_url":"https:\/\/ejurr.tjrr.jus.br\/?page_id=318","og_site_name":"EJURR","article_publisher":"https:\/\/www.facebook.com\/ejurr.tj","article_modified_time":"2026-05-07T15:22:35+00:00","og_image":[{"width":400,"height":567,"url":"https:\/\/ejurr.tjrr.jus.br\/wp-content\/uploads\/2026\/03\/CAPA-PLANO-DE-GESTAO.jpg.jpeg","type":"image\/jpeg"}],"twitter_card":"summary_large_image","twitter_misc":{"Est. tempo de leitura":"2 minutos"},"schema":{"@context":"https:\/\/schema.org","@graph":[{"@type":"WebPage","@id":"https:\/\/ejurr.tjrr.jus.br\/?page_id=318","url":"https:\/\/ejurr.tjrr.jus.br\/?page_id=318","name":"Documentos - EJURR","isPartOf":{"@id":"https:\/\/ejurr.tjrr.jus.br\/#website"},"primaryImageOfPage":{"@id":"https:\/\/ejurr.tjrr.jus.br\/?page_id=318#primaryimage"},"image":{"@id":"https:\/\/ejurr.tjrr.jus.br\/?page_id=318#primaryimage"},"thumbnailUrl":"https:\/\/ejurr.tjrr.jus.br\/wp-content\/uploads\/2026\/03\/CAPA-PLANO-DE-GESTAO.jpg.jpeg","datePublished":"2023-03-28T15:18:38+00:00","dateModified":"2026-05-07T15:22:35+00:00","breadcrumb":{"@id":"https:\/\/ejurr.tjrr.jus.br\/?page_id=318#breadcrumb"},"inLanguage":"pt-BR","potentialAction":[{"@type":"ReadAction","target":["https:\/\/ejurr.tjrr.jus.br\/?page_id=318"]}]},{"@type":"ImageObject","inLanguage":"pt-BR","@id":"https:\/\/ejurr.tjrr.jus.br\/?page_id=318#primaryimage","url":"https:\/\/ejurr.tjrr.jus.br\/wp-content\/uploads\/2026\/03\/CAPA-PLANO-DE-GESTAO.jpg.jpeg","contentUrl":"https:\/\/ejurr.tjrr.jus.br\/wp-content\/uploads\/2026\/03\/CAPA-PLANO-DE-GESTAO.jpg.jpeg","width":400,"height":567},{"@type":"BreadcrumbList","@id":"https:\/\/ejurr.tjrr.jus.br\/?page_id=318#breadcrumb","itemListElement":[{"@type":"ListItem","position":1,"name":"In\u00edcio","item":"https:\/\/ejurr.tjrr.jus.br\/"},{"@type":"ListItem","position":2,"name":"1 &#8211; INSTITUCIONAL","item":"https:\/\/ejurr.tjrr.jus.br\/?page_id=25"},{"@type":"ListItem","position":3,"name":"Documentos"}]},{"@type":"WebSite","@id":"https:\/\/ejurr.tjrr.jus.br\/#website","url":"https:\/\/ejurr.tjrr.jus.br\/","name":"Escola Judicial de Roraima","description":"A Escola Judicial de Roraima \u00e9 uma institui\u00e7\u00e3o de educa\u00e7\u00e3o corporativa mantida pelo Tribunal de Justi\u00e7a do Estado de Roraima. Seu objetivo \u00e9 planejar e executar os cursos de forma\u00e7\u00e3o inicial, capacita\u00e7\u00e3o e aperfei\u00e7oamento dos magistrados, servidores, formadores e colaboradores do Poder Judici\u00e1rio.","publisher":{"@id":"https:\/\/ejurr.tjrr.jus.br\/#organization"},"alternateName":"EJURR","potentialAction":[{"@type":"SearchAction","target":{"@type":"EntryPoint","urlTemplate":"https:\/\/ejurr.tjrr.jus.br\/?s={search_term_string}"},"query-input":{"@type":"PropertyValueSpecification","valueRequired":true,"valueName":"search_term_string"}}],"inLanguage":"pt-BR"},{"@type":"Organization","@id":"https:\/\/ejurr.tjrr.jus.br\/#organization","name":"Escola Judicial de Roraima","alternateName":"EJURR","url":"https:\/\/ejurr.tjrr.jus.br\/","logo":{"@type":"ImageObject","inLanguage":"pt-BR","@id":"https:\/\/ejurr.tjrr.jus.br\/#\/schema\/logo\/image\/","url":"https:\/\/ejurr.tjrr.jus.br\/wp-content\/uploads\/2023\/06\/MIV-EJURR-V.png","contentUrl":"https:\/\/ejurr.tjrr.jus.br\/wp-content\/uploads\/2023\/06\/MIV-EJURR-V.png","width":387,"height":369,"caption":"Escola Judicial de Roraima"},"image":{"@id":"https:\/\/ejurr.tjrr.jus.br\/#\/schema\/logo\/image\/"},"sameAs":["https:\/\/www.facebook.com\/ejurr.tj","https:\/\/www.instagram.com\/ejurr.tj\/","https:\/\/www.youtube.com\/@ejurr","https:\/\/wa.me\/559531984156","https:\/\/www.flickr.com\/photos\/ejurr_oficial"]}]}},"_links":{"self":[{"href":"https:\/\/ejurr.tjrr.jus.br\/index.php?rest_route=\/wp\/v2\/pages\/318","targetHints":{"allow":["GET"]}}],"collection":[{"href":"https:\/\/ejurr.tjrr.jus.br\/index.php?rest_route=\/wp\/v2\/pages"}],"about":[{"href":"https:\/\/ejurr.tjrr.jus.br\/index.php?rest_route=\/wp\/v2\/types\/page"}],"author":[{"embeddable":true,"href":"https:\/\/ejurr.tjrr.jus.br\/index.php?rest_route=\/wp\/v2\/users\/1"}],"replies":[{"embeddable":true,"href":"https:\/\/ejurr.tjrr.jus.br\/index.php?rest_route=%2Fwp%2Fv2%2Fcomments&post=318"}],"version-history":[{"count":124,"href":"https:\/\/ejurr.tjrr.jus.br\/index.php?rest_route=\/wp\/v2\/pages\/318\/revisions"}],"predecessor-version":[{"id":31216,"href":"https:\/\/ejurr.tjrr.jus.br\/index.php?rest_route=\/wp\/v2\/pages\/318\/revisions\/31216"}],"up":[{"embeddable":true,"href":"https:\/\/ejurr.tjrr.jus.br\/index.php?rest_route=\/wp\/v2\/pages\/25"}],"wp:attachment":[{"href":"https:\/\/ejurr.tjrr.jus.br\/index.php?rest_route=%2Fwp%2Fv2%2Fmedia&parent=318"}],"curies":[{"name":"wp","href":"https:\/\/api.w.org\/{rel}","templated":true}]}}