{"id":3116,"date":"2023-04-16T02:14:30","date_gmt":"2023-04-16T05:14:30","guid":{"rendered":"http:\/\/portalejurr.tjrr.jus.br\/?page_id=3116"},"modified":"2024-05-16T15:10:47","modified_gmt":"2024-05-16T19:10:47","slug":"onde-estamos","status":"publish","type":"page","link":"https:\/\/ejurr.tjrr.jus.br\/?page_id=3116","title":{"rendered":"Onde Estamos"},"content":{"rendered":"\t\t<div data-elementor-type=\"wp-page\" data-elementor-id=\"3116\" class=\"elementor elementor-3116\" data-elementor-post-type=\"page\">\n\t\t\t\t<div class=\"elementor-element elementor-element-3c3b752 e-flex e-con-boxed e-con e-parent\" data-id=\"3c3b752\" data-element_type=\"container\" data-e-type=\"container\">\n\t\t\t\t\t<div class=\"e-con-inner\">\n\t\t\t\t<div class=\"elementor-element elementor-element-d14c2ba elementor-widget elementor-widget-heading\" data-id=\"d14c2ba\" data-element_type=\"widget\" data-e-type=\"widget\" data-widget_type=\"heading.default\">\n\t\t\t\t<div class=\"elementor-widget-container\">\n\t\t\t\t\t<h2 class=\"elementor-heading-title elementor-size-default\">Onde Estamos<\/h2>\t\t\t\t<\/div>\n\t\t\t\t<\/div>\n\t\t\t\t<div class=\"elementor-element elementor-element-3e72adf elementor-mobile-align-center elementor-widget elementor-widget-button\" data-id=\"3e72adf\" data-element_type=\"widget\" data-e-type=\"widget\" data-widget_type=\"button.default\">\n\t\t\t\t<div class=\"elementor-widget-container\">\n\t\t\t\t\t\t\t\t\t<div class=\"elementor-button-wrapper\">\n\t\t\t\t\t<a class=\"elementor-button elementor-button-link elementor-size-sm\" href=\"https:\/\/maps.app.goo.gl\/TzKmzjenxSMCQyxo9\">\n\t\t\t\t\t\t<span class=\"elementor-button-content-wrapper\">\n\t\t\t\t\t\t<span class=\"elementor-button-icon\">\n\t\t\t\t<i aria-hidden=\"true\" class=\"fas fa-map-marker-alt\"><\/i>\t\t\t<\/span>\n\t\t\t\t\t\t\t\t\t<span class=\"elementor-button-text\">LOCALIZA\u00c7\u00c3O NO GOOGLE MAPS<\/span>\n\t\t\t\t\t<\/span>\n\t\t\t\t\t<\/a>\n\t\t\t\t<\/div>\n\t\t\t\t\t\t\t\t<\/div>\n\t\t\t\t<\/div>\n\t\t\t\t<div class=\"elementor-element elementor-element-62df66a elementor-hidden-tablet elementor-hidden-mobile elementor-widget elementor-widget-text-editor\" data-id=\"62df66a\" data-element_type=\"widget\" data-e-type=\"widget\" data-widget_type=\"text-editor.default\">\n\t\t\t\t<div class=\"elementor-widget-container\">\n\t\t\t\t\t\t\t\t\t<p style=\"text-align: left;\">Sede Administrativa do TJRR &#8211; Av. Cap. Ene Garc\u00eas, 1696 &#8211; 4\u00ba Andar &#8211; S\u00e3o Francisco, Boa Vista &#8211; RR, 69301-090<\/p>\t\t\t\t\t\t\t\t<\/div>\n\t\t\t\t<\/div>\n\t\t\t\t<div class=\"elementor-element elementor-element-0f2c75f elementor-hidden-desktop elementor-widget elementor-widget-text-editor\" data-id=\"0f2c75f\" data-element_type=\"widget\" data-e-type=\"widget\" data-widget_type=\"text-editor.default\">\n\t\t\t\t<div class=\"elementor-widget-container\">\n\t\t\t\t\t\t\t\t\t<p style=\"text-align: center;\">Sede Administrativa do TJRR <br \/>Av. Cap. Ene Garc\u00eas, 1696 &#8211; 4\u00ba Andar<br \/>S\u00e3o Francisco, Boa Vista &#8211; RR, 69301-090<\/p>\t\t\t\t\t\t\t\t<\/div>\n\t\t\t\t<\/div>\n\t\t\t\t<div class=\"elementor-element elementor-element-b9085e0 elementor-widget elementor-widget-google_maps\" data-id=\"b9085e0\" data-element_type=\"widget\" data-e-type=\"widget\" data-widget_type=\"google_maps.default\">\n\t\t\t\t<div class=\"elementor-widget-container\">\n\t\t\t\t\t\t\t<div class=\"elementor-custom-embed\">\n\t\t\t<iframe loading=\"lazy\"\n\t\t\t\t\tsrc=\"https:\/\/maps.google.com\/maps?q=ejurr&#038;t=m&#038;z=18&#038;output=embed&#038;iwloc=near\"\n\t\t\t\t\ttitle=\"ejurr\"\n\t\t\t\t\taria-label=\"ejurr\"\n\t\t\t><\/iframe>\n\t\t<\/div>\n\t\t\t\t\t\t<\/div>\n\t\t\t\t<\/div>\n\t\t\t\t\t<\/div>\n\t\t\t\t<\/div>\n\t\t<div class=\"elementor-element elementor-element-11687f1 e-flex e-con-boxed e-con e-parent\" data-id=\"11687f1\" data-element_type=\"container\" data-e-type=\"container\">\n\t\t\t\t\t<div class=\"e-con-inner\">\n\t\t\t\t<div class=\"elementor-element elementor-element-f1886d4 elementor-widget-divider--view-line elementor-widget elementor-widget-divider\" data-id=\"f1886d4\" data-element_type=\"widget\" data-e-type=\"widget\" data-widget_type=\"divider.default\">\n\t\t\t\t<div class=\"elementor-widget-container\">\n\t\t\t\t\t\t\t<div class=\"elementor-divider\">\n\t\t\t<span class=\"elementor-divider-separator\">\n\t\t\t\t\t\t<\/span>\n\t\t<\/div>\n\t\t\t\t\t\t<\/div>\n\t\t\t\t<\/div>\n\t\t\t\t<div class=\"elementor-element elementor-element-dec8083 elementor-widget elementor-widget-heading\" data-id=\"dec8083\" data-element_type=\"widget\" data-e-type=\"widget\" data-widget_type=\"heading.default\">\n\t\t\t\t<div class=\"elementor-widget-container\">\n\t\t\t\t\t<h2 class=\"elementor-heading-title elementor-size-default\"><a href=\"https:\/\/ejurr.tjrr.jus.br\/?page_id=264\">Fa\u00e7a um Tour Virtual<\/a><\/h2>\t\t\t\t<\/div>\n\t\t\t\t<\/div>\n\t\t\t\t<div class=\"elementor-element elementor-element-7db4d35 elementor-widget elementor-widget-spacer\" data-id=\"7db4d35\" data-element_type=\"widget\" data-e-type=\"widget\" data-widget_type=\"spacer.default\">\n\t\t\t\t<div class=\"elementor-widget-container\">\n\t\t\t\t\t\t\t<div class=\"elementor-spacer\">\n\t\t\t<div class=\"elementor-spacer-inner\"><\/div>\n\t\t<\/div>\n\t\t\t\t\t\t<\/div>\n\t\t\t\t<\/div>\n\t\t\t\t\t<\/div>\n\t\t\t\t<\/div>\n\t\t\t\t<\/div>\n\t\t","protected":false},"excerpt":{"rendered":"<p>LOCALIZA\u00c7\u00c3O NO GOOGLE MAPS Sede Administrativa do TJRR &#8211; Av. Cap. Ene Garc\u00eas, 1696 &#8211; 4\u00ba Andar &#8211; S\u00e3o Francisco, Boa Vista &#8211; RR, 69301-090 Sede Administrativa do TJRR Av. Cap. Ene Garc\u00eas, 1696 &#8211; 4\u00ba AndarS\u00e3o Francisco, Boa Vista &#8211; RR, 69301-090 Fa\u00e7a um Tour Virtual<\/p>\n","protected":false},"author":1,"featured_media":0,"parent":8771,"menu_order":0,"comment_status":"closed","ping_status":"closed","template":"","meta":{"footnotes":""},"class_list":["post-3116","page","type-page","status-publish","hentry"],"yoast_head":"<!-- This site is optimized with the Yoast SEO plugin v26.6 - https:\/\/yoast.com\/wordpress\/plugins\/seo\/ -->\n<title>EJURR - Onde Estamos<\/title>\n<meta name=\"description\" content=\"Sede Administrativa do TJRR - Av. Cap. Ene Garc\u00eas, 1696 - 4\u00ba Andar - S\u00e3o Francisco, Boa Vista - RR, 69301-090\" \/>\n<meta name=\"robots\" content=\"index, follow, max-snippet:-1, max-image-preview:large, max-video-preview:-1\" \/>\n<link rel=\"canonical\" href=\"https:\/\/ejurr.tjrr.jus.br\/?page_id=3116\" \/>\n<meta property=\"og:locale\" content=\"pt_BR\" \/>\n<meta property=\"og:type\" content=\"article\" \/>\n<meta property=\"og:title\" content=\"EJURR - Onde Estamos\" \/>\n<meta property=\"og:description\" content=\"Sede Administrativa do TJRR - Av. Cap. Ene Garc\u00eas, 1696 - 4\u00ba Andar - S\u00e3o Francisco, Boa Vista - RR, 69301-090\" \/>\n<meta property=\"og:url\" content=\"https:\/\/ejurr.tjrr.jus.br\/?page_id=3116\" \/>\n<meta property=\"og:site_name\" content=\"EJURR\" \/>\n<meta property=\"article:publisher\" content=\"https:\/\/www.facebook.com\/ejurr.tj\" \/>\n<meta property=\"article:modified_time\" content=\"2024-05-16T19:10:47+00:00\" \/>\n<meta property=\"og:image\" content=\"https:\/\/ejurr.tjrr.jus.br\/wp-content\/uploads\/2023\/06\/MIV-EJURR-V.png\" \/>\n\t<meta property=\"og:image:width\" content=\"387\" \/>\n\t<meta property=\"og:image:height\" content=\"369\" \/>\n\t<meta property=\"og:image:type\" content=\"image\/png\" \/>\n<meta name=\"twitter:card\" content=\"summary_large_image\" \/>\n<meta name=\"twitter:label1\" content=\"Est. tempo de leitura\" \/>\n\t<meta name=\"twitter:data1\" content=\"1 minuto\" \/>\n<script type=\"application\/ld+json\" class=\"yoast-schema-graph\">{\"@context\":\"https:\/\/schema.org\",\"@graph\":[{\"@type\":\"WebPage\",\"@id\":\"https:\/\/ejurr.tjrr.jus.br\/?page_id=3116\",\"url\":\"https:\/\/ejurr.tjrr.jus.br\/?page_id=3116\",\"name\":\"EJURR - Onde Estamos\",\"isPartOf\":{\"@id\":\"https:\/\/ejurr.tjrr.jus.br\/#website\"},\"datePublished\":\"2023-04-16T05:14:30+00:00\",\"dateModified\":\"2024-05-16T19:10:47+00:00\",\"description\":\"Sede Administrativa do TJRR - Av. Cap. Ene Garc\u00eas, 1696 - 4\u00ba Andar - S\u00e3o Francisco, Boa Vista - RR, 69301-090\",\"breadcrumb\":{\"@id\":\"https:\/\/ejurr.tjrr.jus.br\/?page_id=3116#breadcrumb\"},\"inLanguage\":\"pt-BR\",\"potentialAction\":[{\"@type\":\"ReadAction\",\"target\":[\"https:\/\/ejurr.tjrr.jus.br\/?page_id=3116\"]}]},{\"@type\":\"BreadcrumbList\",\"@id\":\"https:\/\/ejurr.tjrr.jus.br\/?page_id=3116#breadcrumb\",\"itemListElement\":[{\"@type\":\"ListItem\",\"position\":1,\"name\":\"In\u00edcio\",\"item\":\"https:\/\/ejurr.tjrr.jus.br\/\"},{\"@type\":\"ListItem\",\"position\":2,\"name\":\"5 &#8211; RODAP\u00c9\",\"item\":\"https:\/\/ejurr.tjrr.jus.br\/?page_id=8771\"},{\"@type\":\"ListItem\",\"position\":3,\"name\":\"Onde Estamos\"}]},{\"@type\":\"WebSite\",\"@id\":\"https:\/\/ejurr.tjrr.jus.br\/#website\",\"url\":\"https:\/\/ejurr.tjrr.jus.br\/\",\"name\":\"Escola Judicial de Roraima\",\"description\":\"A Escola Judicial de Roraima \u00e9 uma institui\u00e7\u00e3o de educa\u00e7\u00e3o corporativa mantida pelo Tribunal de Justi\u00e7a do Estado de Roraima. Seu objetivo \u00e9 planejar e executar os cursos de forma\u00e7\u00e3o inicial, capacita\u00e7\u00e3o e aperfei\u00e7oamento dos magistrados, servidores, formadores e colaboradores do Poder Judici\u00e1rio.\",\"publisher\":{\"@id\":\"https:\/\/ejurr.tjrr.jus.br\/#organization\"},\"alternateName\":\"EJURR\",\"potentialAction\":[{\"@type\":\"SearchAction\",\"target\":{\"@type\":\"EntryPoint\",\"urlTemplate\":\"https:\/\/ejurr.tjrr.jus.br\/?s={search_term_string}\"},\"query-input\":{\"@type\":\"PropertyValueSpecification\",\"valueRequired\":true,\"valueName\":\"search_term_string\"}}],\"inLanguage\":\"pt-BR\"},{\"@type\":\"Organization\",\"@id\":\"https:\/\/ejurr.tjrr.jus.br\/#organization\",\"name\":\"Escola Judicial de Roraima\",\"alternateName\":\"EJURR\",\"url\":\"https:\/\/ejurr.tjrr.jus.br\/\",\"logo\":{\"@type\":\"ImageObject\",\"inLanguage\":\"pt-BR\",\"@id\":\"https:\/\/ejurr.tjrr.jus.br\/#\/schema\/logo\/image\/\",\"url\":\"https:\/\/ejurr.tjrr.jus.br\/wp-content\/uploads\/2023\/06\/MIV-EJURR-V.png\",\"contentUrl\":\"https:\/\/ejurr.tjrr.jus.br\/wp-content\/uploads\/2023\/06\/MIV-EJURR-V.png\",\"width\":387,\"height\":369,\"caption\":\"Escola Judicial de Roraima\"},\"image\":{\"@id\":\"https:\/\/ejurr.tjrr.jus.br\/#\/schema\/logo\/image\/\"},\"sameAs\":[\"https:\/\/www.facebook.com\/ejurr.tj\",\"https:\/\/www.instagram.com\/ejurr.tj\/\",\"https:\/\/www.youtube.com\/@ejurr\",\"https:\/\/wa.me\/559531984156\",\"https:\/\/www.flickr.com\/photos\/ejurr_oficial\"]}]}<\/script>\n<!-- \/ Yoast SEO plugin. -->","yoast_head_json":{"title":"EJURR - Onde Estamos","description":"Sede Administrativa do TJRR - Av. Cap. Ene Garc\u00eas, 1696 - 4\u00ba Andar - S\u00e3o Francisco, Boa Vista - RR, 69301-090","robots":{"index":"index","follow":"follow","max-snippet":"max-snippet:-1","max-image-preview":"max-image-preview:large","max-video-preview":"max-video-preview:-1"},"canonical":"https:\/\/ejurr.tjrr.jus.br\/?page_id=3116","og_locale":"pt_BR","og_type":"article","og_title":"EJURR - Onde Estamos","og_description":"Sede Administrativa do TJRR - Av. Cap. Ene Garc\u00eas, 1696 - 4\u00ba Andar - S\u00e3o Francisco, Boa Vista - RR, 69301-090","og_url":"https:\/\/ejurr.tjrr.jus.br\/?page_id=3116","og_site_name":"EJURR","article_publisher":"https:\/\/www.facebook.com\/ejurr.tj","article_modified_time":"2024-05-16T19:10:47+00:00","og_image":[{"width":387,"height":369,"url":"https:\/\/ejurr.tjrr.jus.br\/wp-content\/uploads\/2023\/06\/MIV-EJURR-V.png","type":"image\/png"}],"twitter_card":"summary_large_image","twitter_misc":{"Est. tempo de leitura":"1 minuto"},"schema":{"@context":"https:\/\/schema.org","@graph":[{"@type":"WebPage","@id":"https:\/\/ejurr.tjrr.jus.br\/?page_id=3116","url":"https:\/\/ejurr.tjrr.jus.br\/?page_id=3116","name":"EJURR - Onde Estamos","isPartOf":{"@id":"https:\/\/ejurr.tjrr.jus.br\/#website"},"datePublished":"2023-04-16T05:14:30+00:00","dateModified":"2024-05-16T19:10:47+00:00","description":"Sede Administrativa do TJRR - Av. Cap. Ene Garc\u00eas, 1696 - 4\u00ba Andar - S\u00e3o Francisco, Boa Vista - RR, 69301-090","breadcrumb":{"@id":"https:\/\/ejurr.tjrr.jus.br\/?page_id=3116#breadcrumb"},"inLanguage":"pt-BR","potentialAction":[{"@type":"ReadAction","target":["https:\/\/ejurr.tjrr.jus.br\/?page_id=3116"]}]},{"@type":"BreadcrumbList","@id":"https:\/\/ejurr.tjrr.jus.br\/?page_id=3116#breadcrumb","itemListElement":[{"@type":"ListItem","position":1,"name":"In\u00edcio","item":"https:\/\/ejurr.tjrr.jus.br\/"},{"@type":"ListItem","position":2,"name":"5 &#8211; RODAP\u00c9","item":"https:\/\/ejurr.tjrr.jus.br\/?page_id=8771"},{"@type":"ListItem","position":3,"name":"Onde Estamos"}]},{"@type":"WebSite","@id":"https:\/\/ejurr.tjrr.jus.br\/#website","url":"https:\/\/ejurr.tjrr.jus.br\/","name":"Escola Judicial de Roraima","description":"A Escola Judicial de Roraima \u00e9 uma institui\u00e7\u00e3o de educa\u00e7\u00e3o corporativa mantida pelo Tribunal de Justi\u00e7a do Estado de Roraima. Seu objetivo \u00e9 planejar e executar os cursos de forma\u00e7\u00e3o inicial, capacita\u00e7\u00e3o e aperfei\u00e7oamento dos magistrados, servidores, formadores e colaboradores do Poder Judici\u00e1rio.","publisher":{"@id":"https:\/\/ejurr.tjrr.jus.br\/#organization"},"alternateName":"EJURR","potentialAction":[{"@type":"SearchAction","target":{"@type":"EntryPoint","urlTemplate":"https:\/\/ejurr.tjrr.jus.br\/?s={search_term_string}"},"query-input":{"@type":"PropertyValueSpecification","valueRequired":true,"valueName":"search_term_string"}}],"inLanguage":"pt-BR"},{"@type":"Organization","@id":"https:\/\/ejurr.tjrr.jus.br\/#organization","name":"Escola Judicial de Roraima","alternateName":"EJURR","url":"https:\/\/ejurr.tjrr.jus.br\/","logo":{"@type":"ImageObject","inLanguage":"pt-BR","@id":"https:\/\/ejurr.tjrr.jus.br\/#\/schema\/logo\/image\/","url":"https:\/\/ejurr.tjrr.jus.br\/wp-content\/uploads\/2023\/06\/MIV-EJURR-V.png","contentUrl":"https:\/\/ejurr.tjrr.jus.br\/wp-content\/uploads\/2023\/06\/MIV-EJURR-V.png","width":387,"height":369,"caption":"Escola Judicial de Roraima"},"image":{"@id":"https:\/\/ejurr.tjrr.jus.br\/#\/schema\/logo\/image\/"},"sameAs":["https:\/\/www.facebook.com\/ejurr.tj","https:\/\/www.instagram.com\/ejurr.tj\/","https:\/\/www.youtube.com\/@ejurr","https:\/\/wa.me\/559531984156","https:\/\/www.flickr.com\/photos\/ejurr_oficial"]}]}},"_links":{"self":[{"href":"https:\/\/ejurr.tjrr.jus.br\/index.php?rest_route=\/wp\/v2\/pages\/3116","targetHints":{"allow":["GET"]}}],"collection":[{"href":"https:\/\/ejurr.tjrr.jus.br\/index.php?rest_route=\/wp\/v2\/pages"}],"about":[{"href":"https:\/\/ejurr.tjrr.jus.br\/index.php?rest_route=\/wp\/v2\/types\/page"}],"author":[{"embeddable":true,"href":"https:\/\/ejurr.tjrr.jus.br\/index.php?rest_route=\/wp\/v2\/users\/1"}],"replies":[{"embeddable":true,"href":"https:\/\/ejurr.tjrr.jus.br\/index.php?rest_route=%2Fwp%2Fv2%2Fcomments&post=3116"}],"version-history":[{"count":122,"href":"https:\/\/ejurr.tjrr.jus.br\/index.php?rest_route=\/wp\/v2\/pages\/3116\/revisions"}],"predecessor-version":[{"id":18500,"href":"https:\/\/ejurr.tjrr.jus.br\/index.php?rest_route=\/wp\/v2\/pages\/3116\/revisions\/18500"}],"up":[{"embeddable":true,"href":"https:\/\/ejurr.tjrr.jus.br\/index.php?rest_route=\/wp\/v2\/pages\/8771"}],"wp:attachment":[{"href":"https:\/\/ejurr.tjrr.jus.br\/index.php?rest_route=%2Fwp%2Fv2%2Fmedia&parent=3116"}],"curies":[{"name":"wp","href":"https:\/\/api.w.org\/{rel}","templated":true}]}}