{"id":1954,"date":"2023-04-04T11:14:08","date_gmt":"2023-04-04T15:14:08","guid":{"rendered":"http:\/\/portalejurr.tjrr.jus.br\/?page_id=1954"},"modified":"2026-03-18T10:41:15","modified_gmt":"2026-03-18T14:41:15","slug":"mapa-do-site","status":"publish","type":"page","link":"https:\/\/ejurr.tjrr.jus.br\/?page_id=1954","title":{"rendered":"Mapa do Site"},"content":{"rendered":"\t\t<div data-elementor-type=\"wp-page\" data-elementor-id=\"1954\" class=\"elementor elementor-1954\" data-elementor-post-type=\"page\">\n\t\t\t\t<div class=\"elementor-element elementor-element-afd1a2a e-flex e-con-boxed e-con e-parent\" data-id=\"afd1a2a\" data-element_type=\"container\" data-e-type=\"container\">\n\t\t\t\t\t<div class=\"e-con-inner\">\n\t\t\t\t<div class=\"elementor-element elementor-element-3c6f4e5 elementor-widget elementor-widget-html\" data-id=\"3c6f4e5\" data-element_type=\"widget\" data-e-type=\"widget\" data-widget_type=\"html.default\">\n\t\t\t\t<div class=\"elementor-widget-container\">\n\t\t\t\t\t<style>\r\n  \/* Estilos Acess\u00edveis para o Mapa do Site *\/\r\n  .ejurr-sitemap-container {\r\n    max-width: 1140px;\r\n    margin: 40px auto;\r\n    font-family: 'Helvetica Neue', Helvetica, Arial, sans-serif;\r\n    color: #333333;\r\n    padding: 0 15px;\r\n  }\r\n\r\n  .ejurr-sitemap-title {\r\n    color: #0d3b66; \/* Azul Escuro da EJURR *\/\r\n    font-size: 28px;\r\n    font-weight: bold;\r\n    margin-bottom: 30px;\r\n    border-bottom: 3px solid #f4d35e; \/* Detalhe amarelo *\/\r\n    padding-bottom: 10px;\r\n  }\r\n\r\n  \/* Grid Responsivo para virar cart\u00f5es no celular e 4 colunas no PC *\/\r\n  .ejurr-sitemap-grid {\r\n    display: grid;\r\n    grid-template-columns: repeat(auto-fit, minmax(250px, 1fr));\r\n    gap: 30px;\r\n  }\r\n\r\n  .ejurr-sitemap-section {\r\n    background: #ffffff;\r\n    border: 1px solid #e0e0e0;\r\n    border-radius: 8px;\r\n    padding: 24px;\r\n    box-shadow: 0 2px 4px rgba(0,0,0,0.05);\r\n  }\r\n\r\n  .ejurr-sitemap-section h2 {\r\n    font-size: 18px;\r\n    color: #0d3b66;\r\n    margin-top: 0;\r\n    margin-bottom: 15px;\r\n    font-weight: bold;\r\n    border-bottom: 1px solid #f0f0f0;\r\n    padding-bottom: 10px;\r\n  }\r\n\r\n  .ejurr-sitemap-list {\r\n    list-style-type: none;\r\n    padding: 0;\r\n    margin: 0;\r\n  }\r\n\r\n  .ejurr-sitemap-list li {\r\n    margin-bottom: 8px;\r\n  }\r\n\r\n  .ejurr-sitemap-list a {\r\n    text-decoration: none;\r\n    color: #444444;\r\n    font-size: 15px;\r\n    display: block;\r\n    padding: 8px 10px;\r\n    border-radius: 6px;\r\n    transition: all 0.2s ease;\r\n    border-left: 3px solid transparent;\r\n    line-height: 1.4;\r\n  }\r\n\r\n  \/* Efeito de Foco (Acessibilidade para Navega\u00e7\u00e3o por Teclado e Mouse) *\/\r\n  .ejurr-sitemap-list a:hover,\r\n  .ejurr-sitemap-list a:focus {\r\n    background-color: #f1f5f9;\r\n    color: #0d47a1;\r\n    border-left: 3px solid #0d47a1; \/* Barra lateral para guiar a vis\u00e3o *\/\r\n    outline: none; \r\n    font-weight: 500;\r\n  }\r\n\r\n  \/* Pula o link para leitores de tela *\/\r\n  .sr-only {\r\n    position: absolute; width: 1px; height: 1px; padding: 0; margin: -1px;\r\n    overflow: hidden; clip: rect(0, 0, 0, 0); white-space: nowrap; border: 0;\r\n  }\r\n<\/style>\r\n\r\n<div class=\"ejurr-sitemap-container\">\r\n  \r\n  <h1 class=\"ejurr-sitemap-title\">Mapa do Site<\/h1>\r\n  <p class=\"sr-only\">Navegue pelas principais se\u00e7\u00f5es da Escola Judicial de Roraima atrav\u00e9s da lista estruturada abaixo.<\/p>\r\n\r\n  <nav aria-label=\"Navega\u00e7\u00e3o do Mapa do Site\">\r\n    <div class=\"ejurr-sitemap-grid\">\r\n      \r\n      <section class=\"ejurr-sitemap-section\" aria-labelledby=\"titulo-institucional\">\r\n        <h2 id=\"titulo-institucional\">Institucional<\/h2>\r\n        <ul class=\"ejurr-sitemap-list\">\r\n          <li><a href=\"https:\/\/ejurr.tjrr.jus.br\/?page_id=308\">Breve Hist\u00f3rico<\/a><\/li>\r\n          <li><a href=\"https:\/\/ejurr.tjrr.jus.br\/?page_id=310\">Composi\u00e7\u00e3o<\/a><\/li>\r\n          <li><a href=\"https:\/\/ejurr.tjrr.jus.br\/?page_id=312\">Legisla\u00e7\u00e3o<\/a><\/li>\r\n          <li><a href=\"https:\/\/ejurr.tjrr.jus.br\/?page_id=318\">Documentos<\/a><\/li>\r\n          <li><a href=\"https:\/\/ejurr.tjrr.jus.br\/?page_id=15412\">Identidade Visual<\/a><\/li>\r\n        <\/ul>\r\n      <\/section>\r\n\r\n      <section class=\"ejurr-sitemap-section\" aria-labelledby=\"titulo-imprensa\">\r\n        <h2 id=\"titulo-imprensa\">Imprensa<\/h2>\r\n        <ul class=\"ejurr-sitemap-list\">\r\n          <li><a href=\"https:\/\/ejurr.tjrr.jus.br\/?page_id=581\">Not\u00edcias<\/a><\/li>\r\n          <li><a href=\"https:\/\/ejurr.tjrr.jus.br\/?page_id=335\">Artigos<\/a><\/li>\r\n          <li><a href=\"https:\/\/ead.tjrr.jus.br\/\" target=\"_blank\" aria-label=\"Revista Ejurr, abre em nova aba\">Revista Ejurr<\/a><\/li>\r\n          <li><a href=\"https:\/\/ejurr.tjrr.jus.br\/?page_id=18501\">M\u00eddias de Eventos<\/a><\/li>\r\n          <li><a href=\"https:\/\/ejurr.tjrr.jus.br\/?page_id=323\">A Escola vai \u00e0 escola<\/a><\/li>\r\n          <li><a href=\"https:\/\/ejurr.tjrr.jus.br\/?page_id=331\">Mulheres Juristas<\/a><\/li>\r\n        <\/ul>\r\n      <\/section>\r\n\r\n      <section class=\"ejurr-sitemap-section\" aria-labelledby=\"titulo-cursos\">\r\n        <h2 id=\"titulo-cursos\">Cursos<\/h2>\r\n        <ul class=\"ejurr-sitemap-list\">\r\n          <li><a href=\"https:\/\/ejurr.tjrr.jus.br\/?page_id=26277\">Editais<\/a><\/li>\r\n          <li><a href=\"https:\/\/ejurr.tjrr.jus.br\/?page_id=4307\">Magistrados<\/a><\/li>\r\n          <li><a href=\"https:\/\/ejurr.tjrr.jus.br\/?page_id=9368\">\u00c1rea do aluno<\/a><\/li>\r\n          <li><a href=\"https:\/\/ejurr.tjrr.jus.br\/?page_id=26418\">Sistema EducaEnfam \u2013 Ajuda<\/a><\/li>\r\n          <li><a href=\"https:\/\/ejurr.tjrr.jus.br\/?page_id=8086\">Reserva de Sala<\/a><\/li>\r\n        <\/ul>\r\n      <\/section>\r\n\r\n      <section class=\"ejurr-sitemap-section\" aria-labelledby=\"titulo-acesso-rapido\">\r\n        <h2 id=\"titulo-acesso-rapido\">Acesso R\u00e1pido<\/h2>\r\n        <ul class=\"ejurr-sitemap-list\">\r\n          <li><a href=\"https:\/\/ejurr.tjrr.jus.br\/\">P\u00e1gina Inicial<\/a><\/li>\r\n          <li><a href=\"https:\/\/ejurr.tjrr.jus.br\/?page_id=343\">Inscri\u00e7\u00f5es Abertas<\/a><\/li>\r\n          <li><a href=\"https:\/\/api.whatsapp.com\/send\/?phone=559531984156&text&type=phone_number&app_absent=0\" target=\"_blank\" aria-label=\"Contato via WhatsApp, abre aplicativo externo\">Contato (WhatsApp)<\/a><\/li>\r\n        <\/ul>\r\n      <\/section>\r\n\r\n    <\/div>\r\n  <\/nav>\r\n\r\n<\/div>\t\t\t\t<\/div>\n\t\t\t\t<\/div>\n\t\t\t\t\t<\/div>\n\t\t\t\t<\/div>\n\t\t\t\t<\/div>\n\t\t","protected":false},"excerpt":{"rendered":"<p>Mapa do Site Navegue pelas principais se\u00e7\u00f5es da Escola Judicial de Roraima atrav\u00e9s da lista estruturada abaixo. Institucional Breve Hist\u00f3rico Composi\u00e7\u00e3o Legisla\u00e7\u00e3o Documentos Identidade Visual Imprensa Not\u00edcias Artigos Revista Ejurr M\u00eddias de Eventos A Escola vai \u00e0 escola Mulheres Juristas Cursos Editais Magistrados \u00c1rea do aluno Sistema EducaEnfam \u2013 Ajuda Reserva de Sala Acesso R\u00e1pido [&hellip;]<\/p>\n","protected":false},"author":1,"featured_media":0,"parent":8771,"menu_order":0,"comment_status":"closed","ping_status":"closed","template":"","meta":{"footnotes":""},"class_list":["post-1954","page","type-page","status-publish","hentry"],"yoast_head":"<!-- This site is optimized with the Yoast SEO plugin v26.6 - https:\/\/yoast.com\/wordpress\/plugins\/seo\/ -->\n<title>Mapa do Site - EJURR<\/title>\n<meta name=\"robots\" content=\"index, follow, max-snippet:-1, max-image-preview:large, max-video-preview:-1\" \/>\n<link rel=\"canonical\" href=\"https:\/\/ejurr.tjrr.jus.br\/?page_id=1954\" \/>\n<meta property=\"og:locale\" content=\"pt_BR\" \/>\n<meta property=\"og:type\" content=\"article\" \/>\n<meta property=\"og:title\" content=\"Mapa do Site - EJURR\" \/>\n<meta property=\"og:description\" content=\"Mapa do Site Navegue pelas principais se\u00e7\u00f5es da Escola Judicial de Roraima atrav\u00e9s da lista estruturada abaixo. Institucional Breve Hist\u00f3rico Composi\u00e7\u00e3o Legisla\u00e7\u00e3o Documentos Identidade Visual Imprensa Not\u00edcias Artigos Revista Ejurr M\u00eddias de Eventos A Escola vai \u00e0 escola Mulheres Juristas Cursos Editais Magistrados \u00c1rea do aluno Sistema EducaEnfam \u2013 Ajuda Reserva de Sala Acesso R\u00e1pido [&hellip;]\" \/>\n<meta property=\"og:url\" content=\"https:\/\/ejurr.tjrr.jus.br\/?page_id=1954\" \/>\n<meta property=\"og:site_name\" content=\"EJURR\" \/>\n<meta property=\"article:publisher\" content=\"https:\/\/www.facebook.com\/ejurr.tj\" \/>\n<meta property=\"article:modified_time\" content=\"2026-03-18T14:41:15+00:00\" \/>\n<meta property=\"og:image\" content=\"https:\/\/ejurr.tjrr.jus.br\/wp-content\/uploads\/2023\/06\/MIV-EJURR-V.png\" \/>\n\t<meta property=\"og:image:width\" content=\"387\" \/>\n\t<meta property=\"og:image:height\" content=\"369\" \/>\n\t<meta property=\"og:image:type\" content=\"image\/png\" \/>\n<meta name=\"twitter:card\" content=\"summary_large_image\" \/>\n<meta name=\"twitter:label1\" content=\"Est. tempo de leitura\" \/>\n\t<meta name=\"twitter:data1\" content=\"1 minuto\" \/>\n<script type=\"application\/ld+json\" class=\"yoast-schema-graph\">{\"@context\":\"https:\/\/schema.org\",\"@graph\":[{\"@type\":\"WebPage\",\"@id\":\"https:\/\/ejurr.tjrr.jus.br\/?page_id=1954\",\"url\":\"https:\/\/ejurr.tjrr.jus.br\/?page_id=1954\",\"name\":\"Mapa do Site - EJURR\",\"isPartOf\":{\"@id\":\"https:\/\/ejurr.tjrr.jus.br\/#website\"},\"datePublished\":\"2023-04-04T15:14:08+00:00\",\"dateModified\":\"2026-03-18T14:41:15+00:00\",\"breadcrumb\":{\"@id\":\"https:\/\/ejurr.tjrr.jus.br\/?page_id=1954#breadcrumb\"},\"inLanguage\":\"pt-BR\",\"potentialAction\":[{\"@type\":\"ReadAction\",\"target\":[\"https:\/\/ejurr.tjrr.jus.br\/?page_id=1954\"]}]},{\"@type\":\"BreadcrumbList\",\"@id\":\"https:\/\/ejurr.tjrr.jus.br\/?page_id=1954#breadcrumb\",\"itemListElement\":[{\"@type\":\"ListItem\",\"position\":1,\"name\":\"In\u00edcio\",\"item\":\"https:\/\/ejurr.tjrr.jus.br\/\"},{\"@type\":\"ListItem\",\"position\":2,\"name\":\"5 &#8211; RODAP\u00c9\",\"item\":\"https:\/\/ejurr.tjrr.jus.br\/?page_id=8771\"},{\"@type\":\"ListItem\",\"position\":3,\"name\":\"Mapa do Site\"}]},{\"@type\":\"WebSite\",\"@id\":\"https:\/\/ejurr.tjrr.jus.br\/#website\",\"url\":\"https:\/\/ejurr.tjrr.jus.br\/\",\"name\":\"Escola Judicial de Roraima\",\"description\":\"A Escola Judicial de Roraima \u00e9 uma institui\u00e7\u00e3o de educa\u00e7\u00e3o corporativa mantida pelo Tribunal de Justi\u00e7a do Estado de Roraima. Seu objetivo \u00e9 planejar e executar os cursos de forma\u00e7\u00e3o inicial, capacita\u00e7\u00e3o e aperfei\u00e7oamento dos magistrados, servidores, formadores e colaboradores do Poder Judici\u00e1rio.\",\"publisher\":{\"@id\":\"https:\/\/ejurr.tjrr.jus.br\/#organization\"},\"alternateName\":\"EJURR\",\"potentialAction\":[{\"@type\":\"SearchAction\",\"target\":{\"@type\":\"EntryPoint\",\"urlTemplate\":\"https:\/\/ejurr.tjrr.jus.br\/?s={search_term_string}\"},\"query-input\":{\"@type\":\"PropertyValueSpecification\",\"valueRequired\":true,\"valueName\":\"search_term_string\"}}],\"inLanguage\":\"pt-BR\"},{\"@type\":\"Organization\",\"@id\":\"https:\/\/ejurr.tjrr.jus.br\/#organization\",\"name\":\"Escola Judicial de Roraima\",\"alternateName\":\"EJURR\",\"url\":\"https:\/\/ejurr.tjrr.jus.br\/\",\"logo\":{\"@type\":\"ImageObject\",\"inLanguage\":\"pt-BR\",\"@id\":\"https:\/\/ejurr.tjrr.jus.br\/#\/schema\/logo\/image\/\",\"url\":\"https:\/\/ejurr.tjrr.jus.br\/wp-content\/uploads\/2023\/06\/MIV-EJURR-V.png\",\"contentUrl\":\"https:\/\/ejurr.tjrr.jus.br\/wp-content\/uploads\/2023\/06\/MIV-EJURR-V.png\",\"width\":387,\"height\":369,\"caption\":\"Escola Judicial de Roraima\"},\"image\":{\"@id\":\"https:\/\/ejurr.tjrr.jus.br\/#\/schema\/logo\/image\/\"},\"sameAs\":[\"https:\/\/www.facebook.com\/ejurr.tj\",\"https:\/\/www.instagram.com\/ejurr.tj\/\",\"https:\/\/www.youtube.com\/@ejurr\",\"https:\/\/wa.me\/559531984156\",\"https:\/\/www.flickr.com\/photos\/ejurr_oficial\"]}]}<\/script>\n<!-- \/ Yoast SEO plugin. -->","yoast_head_json":{"title":"Mapa do Site - EJURR","robots":{"index":"index","follow":"follow","max-snippet":"max-snippet:-1","max-image-preview":"max-image-preview:large","max-video-preview":"max-video-preview:-1"},"canonical":"https:\/\/ejurr.tjrr.jus.br\/?page_id=1954","og_locale":"pt_BR","og_type":"article","og_title":"Mapa do Site - EJURR","og_description":"Mapa do Site Navegue pelas principais se\u00e7\u00f5es da Escola Judicial de Roraima atrav\u00e9s da lista estruturada abaixo. Institucional Breve Hist\u00f3rico Composi\u00e7\u00e3o Legisla\u00e7\u00e3o Documentos Identidade Visual Imprensa Not\u00edcias Artigos Revista Ejurr M\u00eddias de Eventos A Escola vai \u00e0 escola Mulheres Juristas Cursos Editais Magistrados \u00c1rea do aluno Sistema EducaEnfam \u2013 Ajuda Reserva de Sala Acesso R\u00e1pido [&hellip;]","og_url":"https:\/\/ejurr.tjrr.jus.br\/?page_id=1954","og_site_name":"EJURR","article_publisher":"https:\/\/www.facebook.com\/ejurr.tj","article_modified_time":"2026-03-18T14:41:15+00:00","og_image":[{"width":387,"height":369,"url":"https:\/\/ejurr.tjrr.jus.br\/wp-content\/uploads\/2023\/06\/MIV-EJURR-V.png","type":"image\/png"}],"twitter_card":"summary_large_image","twitter_misc":{"Est. tempo de leitura":"1 minuto"},"schema":{"@context":"https:\/\/schema.org","@graph":[{"@type":"WebPage","@id":"https:\/\/ejurr.tjrr.jus.br\/?page_id=1954","url":"https:\/\/ejurr.tjrr.jus.br\/?page_id=1954","name":"Mapa do Site - EJURR","isPartOf":{"@id":"https:\/\/ejurr.tjrr.jus.br\/#website"},"datePublished":"2023-04-04T15:14:08+00:00","dateModified":"2026-03-18T14:41:15+00:00","breadcrumb":{"@id":"https:\/\/ejurr.tjrr.jus.br\/?page_id=1954#breadcrumb"},"inLanguage":"pt-BR","potentialAction":[{"@type":"ReadAction","target":["https:\/\/ejurr.tjrr.jus.br\/?page_id=1954"]}]},{"@type":"BreadcrumbList","@id":"https:\/\/ejurr.tjrr.jus.br\/?page_id=1954#breadcrumb","itemListElement":[{"@type":"ListItem","position":1,"name":"In\u00edcio","item":"https:\/\/ejurr.tjrr.jus.br\/"},{"@type":"ListItem","position":2,"name":"5 &#8211; RODAP\u00c9","item":"https:\/\/ejurr.tjrr.jus.br\/?page_id=8771"},{"@type":"ListItem","position":3,"name":"Mapa do Site"}]},{"@type":"WebSite","@id":"https:\/\/ejurr.tjrr.jus.br\/#website","url":"https:\/\/ejurr.tjrr.jus.br\/","name":"Escola Judicial de Roraima","description":"A Escola Judicial de Roraima \u00e9 uma institui\u00e7\u00e3o de educa\u00e7\u00e3o corporativa mantida pelo Tribunal de Justi\u00e7a do Estado de Roraima. Seu objetivo \u00e9 planejar e executar os cursos de forma\u00e7\u00e3o inicial, capacita\u00e7\u00e3o e aperfei\u00e7oamento dos magistrados, servidores, formadores e colaboradores do Poder Judici\u00e1rio.","publisher":{"@id":"https:\/\/ejurr.tjrr.jus.br\/#organization"},"alternateName":"EJURR","potentialAction":[{"@type":"SearchAction","target":{"@type":"EntryPoint","urlTemplate":"https:\/\/ejurr.tjrr.jus.br\/?s={search_term_string}"},"query-input":{"@type":"PropertyValueSpecification","valueRequired":true,"valueName":"search_term_string"}}],"inLanguage":"pt-BR"},{"@type":"Organization","@id":"https:\/\/ejurr.tjrr.jus.br\/#organization","name":"Escola Judicial de Roraima","alternateName":"EJURR","url":"https:\/\/ejurr.tjrr.jus.br\/","logo":{"@type":"ImageObject","inLanguage":"pt-BR","@id":"https:\/\/ejurr.tjrr.jus.br\/#\/schema\/logo\/image\/","url":"https:\/\/ejurr.tjrr.jus.br\/wp-content\/uploads\/2023\/06\/MIV-EJURR-V.png","contentUrl":"https:\/\/ejurr.tjrr.jus.br\/wp-content\/uploads\/2023\/06\/MIV-EJURR-V.png","width":387,"height":369,"caption":"Escola Judicial de Roraima"},"image":{"@id":"https:\/\/ejurr.tjrr.jus.br\/#\/schema\/logo\/image\/"},"sameAs":["https:\/\/www.facebook.com\/ejurr.tj","https:\/\/www.instagram.com\/ejurr.tj\/","https:\/\/www.youtube.com\/@ejurr","https:\/\/wa.me\/559531984156","https:\/\/www.flickr.com\/photos\/ejurr_oficial"]}]}},"_links":{"self":[{"href":"https:\/\/ejurr.tjrr.jus.br\/index.php?rest_route=\/wp\/v2\/pages\/1954","targetHints":{"allow":["GET"]}}],"collection":[{"href":"https:\/\/ejurr.tjrr.jus.br\/index.php?rest_route=\/wp\/v2\/pages"}],"about":[{"href":"https:\/\/ejurr.tjrr.jus.br\/index.php?rest_route=\/wp\/v2\/types\/page"}],"author":[{"embeddable":true,"href":"https:\/\/ejurr.tjrr.jus.br\/index.php?rest_route=\/wp\/v2\/users\/1"}],"replies":[{"embeddable":true,"href":"https:\/\/ejurr.tjrr.jus.br\/index.php?rest_route=%2Fwp%2Fv2%2Fcomments&post=1954"}],"version-history":[{"count":53,"href":"https:\/\/ejurr.tjrr.jus.br\/index.php?rest_route=\/wp\/v2\/pages\/1954\/revisions"}],"predecessor-version":[{"id":30685,"href":"https:\/\/ejurr.tjrr.jus.br\/index.php?rest_route=\/wp\/v2\/pages\/1954\/revisions\/30685"}],"up":[{"embeddable":true,"href":"https:\/\/ejurr.tjrr.jus.br\/index.php?rest_route=\/wp\/v2\/pages\/8771"}],"wp:attachment":[{"href":"https:\/\/ejurr.tjrr.jus.br\/index.php?rest_route=%2Fwp%2Fv2%2Fmedia&parent=1954"}],"curies":[{"name":"wp","href":"https:\/\/api.w.org\/{rel}","templated":true}]}}